{"id":988272,"date":"2023-03-24T15:51:20","date_gmt":"2023-03-24T13:51:20","guid":{"rendered":"https:\/\/madrazoassessors.com\/fiscalitat\/"},"modified":"2023-04-24T11:35:14","modified_gmt":"2023-04-24T09:35:14","slug":"taxation","status":"publish","type":"page","link":"https:\/\/madrazoassessors.com\/en\/taxation\/","title":{"rendered":"Taxation"},"content":{"rendered":"\t\t<div class=\"sep-text single centered\">\n\t\t\t\t\t\t\t<span class=\"sep-text-before\"><div class=\"sep-text-line\"><\/div><\/span>\n\t\t\t\t\t\t<div class=\"content\">\n\t\t\t\t\n<h2 style=\"text-align: center;\">Tax advisory services<\/h2>\n\t\t\t<\/div>\n\t\t\t<span class=\"sep-text-after\"><div class=\"sep-text-line\"><\/div><\/span>\n\t\t\t\t\t<\/div>\n\t\n<div class=\"row \"><div class=\"wpv-grid grid-1-5  wpv-first-level first unextended\" style=\"padding-top:0px;padding-bottom:0px\" id=\"wpv-column-46566c655e4671d034868707af88df5d\" ><div class=\"push\" style='height:4px'><\/div><\/div>\n<div class=\"wpv-grid grid-3-5  wpv-first-level unextended\" style=\"padding-top:0px;padding-bottom:0px\" id=\"wpv-column-62f9577e7773147f8840a804b28e2357\" ><p>We offer a wide range of <strong>tax advisory services<\/strong> and we are constantly updating the most recent changes in <strong>tax matters<\/strong>.<\/p>\n<p><strong>The tax environment is in continuous transformation<\/strong>, so it <strong>requires planning<\/strong> and <strong>detailed analysis<\/strong> of applications and updates. In this sense, <strong>we consider all current aspects of taxation and the economy<\/strong>.<\/p>\n<p>Our tax services are:<\/div>\n<div class=\"wpv-grid grid-1-5  wpv-first-level unextended\" style=\"padding-top:0px;padding-bottom:0px\" id=\"wpv-column-28a6104866ea5ff8ee9b5c6842e95ad4\" ><div class=\"push\" style='height:4px'><\/div><\/div><\/div>\n<div class=\"row \"><div class=\"wpv-grid grid-1-3  wpv-first-level first unextended\" style=\"padding-top:0px;padding-bottom:0px\" id=\"wpv-column-63970bb2f74d9dc405b50265dccf8978\" ><div class=\"row \"><div class=\"wpv-grid grid-1-1  first unextended\" style=\"padding-top:0px;padding-bottom:0px\" id=\"wpv-column-62c38997e8f12fc10609702925730d07\" ><div class=\"services clearfix fullimage no-image has-icon no-button \" style=\"text-align:left;\">\r\n\t<div class=\"services-inside\">\r\n\t\t\t\t\t\t\t\t\t<div class=\"thumbnail\">\r\n\t\t\t\t\t\t\t\t\t\t\t\t\t\t\t\t\t\t<span class='icon shortcode   use-hover' style='font-size:62px !important;color:#CCA876;'>&#58228;<\/span>\t\t\t\t\t\t\t\t\t\t\t\t\t\t\t<\/div>\r\n\t\t\t\t\t\t\t\t\t<div class=\"sep-2\"><\/div>\r\n\t\t\t\t\t\t\t\t\t\t\t\t\t\t\t\t<div class=\"services-content\">\n<h3>Individual tax returns (IRPF, Inheritance, donations, among others)<\/h3>\n<\/div>\r\n\t\t\t\t\t<\/div>\r\n<\/div>\r\n<\/div><\/div><\/div>\n<div class=\"wpv-grid grid-1-3  wpv-first-level unextended\" style=\"padding-top:0px;padding-bottom:0px\" id=\"wpv-column-46d4be531acee29a4e3e30b7fe5068fd\" ><div class=\"row \"><div class=\"wpv-grid grid-1-1  first unextended\" style=\"padding-top:0px;padding-bottom:0px\" id=\"wpv-column-8724d85de460c2822290261851890670\" ><div class=\"services clearfix fullimage no-image has-icon no-button \" style=\"text-align:left;\">\r\n\t<div class=\"services-inside\">\r\n\t\t\t\t\t\t\t\t\t<div class=\"thumbnail\">\r\n\t\t\t\t\t\t\t\t\t\t\t\t\t\t\t\t\t\t<span class='icon shortcode   use-hover' style='font-size:62px !important;color:#CCA876;'>&#58233;<\/span>\t\t\t\t\t\t\t\t\t\t\t\t\t\t\t<\/div>\r\n\t\t\t\t\t\t\t\t\t<div class=\"sep-2\"><\/div>\r\n\t\t\t\t\t\t\t\t\t\t\t\t\t\t\t\t<div class=\"services-content\">\n<h3>Tax returns for companies and freelancers (VAT, Withholding tax, Corporation tax, among others)<\/h3>\n<\/div>\r\n\t\t\t\t\t<\/div>\r\n<\/div>\r\n<\/div><\/div><\/div>\n<div class=\"wpv-grid grid-1-3  wpv-first-level unextended\" style=\"padding-top:0px;padding-bottom:0px\" id=\"wpv-column-93ee82d8d2312ea4254a8de009f7df5e\" ><div class=\"row \"><div class=\"wpv-grid grid-1-1  first unextended\" style=\"padding-top:0px;padding-bottom:0px\" id=\"wpv-column-8929e8335f5a33a862619383397fc849\" ><div class=\"services clearfix fullimage no-image has-icon no-button \" style=\"text-align:left;\">\r\n\t<div class=\"services-inside\">\r\n\t\t\t\t\t\t\t\t\t<div class=\"thumbnail\">\r\n\t\t\t\t\t\t\t\t\t\t\t\t\t\t\t\t\t\t<span class='icon shortcode   use-hover' style='font-size:62px !important;color:#CCA876;'>&#57546;<\/span>\t\t\t\t\t\t\t\t\t\t\t\t\t\t\t<\/div>\r\n\t\t\t\t\t\t\t\t\t<div class=\"sep-2\"><\/div>\r\n\t\t\t\t\t\t\t\t\t\t\t\t\t\t\t\t<div class=\"services-content\">\n<h3>Annual Accounts and Accounting Books<\/h3>\n<\/div>\r\n\t\t\t\t\t<\/div>\r\n<\/div>\r\n<\/div><\/div><\/div><\/div>\n<div class=\"row \"><div class=\"wpv-grid grid-1-3  wpv-first-level first unextended\" style=\"padding-top:0px;padding-bottom:0px\" id=\"wpv-column-001a20b1823d03a0bd73d3bb29d1cb7d\" ><div class=\"row \"><div class=\"wpv-grid grid-1-1  first unextended\" style=\"padding-top:0px;padding-bottom:0px\" id=\"wpv-column-5f62eeb669dab9f2d50a810c3b45665a\" ><div class=\"services clearfix fullimage no-image has-icon no-button \" style=\"text-align:left;\">\r\n\t<div class=\"services-inside\">\r\n\t\t\t\t\t\t\t\t\t<div class=\"thumbnail\">\r\n\t\t\t\t\t\t\t\t\t\t\t\t\t\t\t\t\t\t<span class='icon shortcode   use-hover' style='font-size:62px !important;color:#CCA876;'>&#57735;<\/span>\t\t\t\t\t\t\t\t\t\t\t\t\t\t\t<\/div>\r\n\t\t\t\t\t\t\t\t\t<div class=\"sep-2\"><\/div>\r\n\t\t\t\t\t\t\t\t\t\t\t\t\t\t\t\t<div class=\"services-content\">\n<h3>Income and expenditure accounts and fiscal balance sheets<\/h3>\n<\/div>\r\n\t\t\t\t\t<\/div>\r\n<\/div>\r\n<\/div><\/div><\/div>\n<div class=\"wpv-grid grid-1-3  wpv-first-level unextended\" style=\"padding-top:0px;padding-bottom:0px\" id=\"wpv-column-0900b81aa71731a65329768c8ba72d3b\" ><div class=\"row \"><div class=\"wpv-grid grid-1-1  first unextended\" style=\"padding-top:0px;padding-bottom:0px\" id=\"wpv-column-807d02734b8cebf1a99f06cefe802d7e\" ><div class=\"services clearfix fullimage no-image has-icon no-button \" style=\"text-align:left;\">\r\n\t<div class=\"services-inside\">\r\n\t\t\t\t\t\t\t\t\t<div class=\"thumbnail\">\r\n\t\t\t\t\t\t\t\t\t\t\t\t\t\t\t\t\t\t<span class='icon shortcode   use-hover' style='font-size:62px !important;color:#CCA876;'>&#57625;<\/span>\t\t\t\t\t\t\t\t\t\t\t\t\t\t\t<\/div>\r\n\t\t\t\t\t\t\t\t\t<div class=\"sep-2\"><\/div>\r\n\t\t\t\t\t\t\t\t\t\t\t\t\t\t\t\t<div class=\"services-content\">\n<h3>Advice on matters related to inheritance tax and donation tax<\/h3>\n<\/div>\r\n\t\t\t\t\t<\/div>\r\n<\/div>\r\n<\/div><\/div><\/div>\n<div class=\"wpv-grid grid-1-3  wpv-first-level unextended\" style=\"padding-top:0px;padding-bottom:0px\" id=\"wpv-column-61d788ffd6c04ff6bc022d8fcf9fae59\" ><div class=\"row \"><div class=\"wpv-grid grid-1-1  first unextended\" style=\"padding-top:0px;padding-bottom:0px\" id=\"wpv-column-29cb1d497941a22cfde8e6f018b36056\" ><div class=\"services clearfix fullimage no-image has-icon no-button \" style=\"text-align:left;\">\r\n\t<div class=\"services-inside\">\r\n\t\t\t\t\t\t\t\t\t<div class=\"thumbnail\">\r\n\t\t\t\t\t\t\t\t\t\t\t\t\t\t\t\t\t\t<span class='icon shortcode   use-hover' style='font-size:62px !important;color:#CCA876;'>&#57799;<\/span>\t\t\t\t\t\t\t\t\t\t\t\t\t\t\t<\/div>\r\n\t\t\t\t\t\t\t\t\t<div class=\"sep-2\"><\/div>\r\n\t\t\t\t\t\t\t\t\t\t\t\t\t\t\t\t<div class=\"services-content\">\n<h3>Arrangement of business succession and advice on the creation or sale of companies<\/h3>\n<\/div>\r\n\t\t\t\t\t<\/div>\r\n<\/div>\r\n<\/div><\/div><\/div><\/div>\n<div class=\"row \"><div class=\"wpv-grid grid-1-6  wpv-first-level first unextended\" style=\"padding-top:0px;padding-bottom:0px\" id=\"wpv-column-99e175106c62b20550eba8f920ab667a\" ><div class=\"push\" style='height:4px'><\/div><\/div>\n<div class=\"wpv-grid grid-1-3  wpv-first-level unextended\" style=\"padding-top:0px;padding-bottom:0px\" id=\"wpv-column-aee1f244a348744e92acae33e0fa3d6d\" ><div class=\"row \"><div class=\"wpv-grid grid-1-1  first unextended\" style=\"padding-top:0px;padding-bottom:0px\" id=\"wpv-column-69d9d5ae94a691aaaf2529ef95c0fdee\" ><div class=\"services clearfix fullimage no-image has-icon no-button \" style=\"text-align:left;\">\r\n\t<div class=\"services-inside\">\r\n\t\t\t\t\t\t\t\t\t<div class=\"thumbnail\">\r\n\t\t\t\t\t\t\t\t\t\t\t\t\t\t\t\t\t\t<span class='icon shortcode   use-hover' style='font-size:62px !important;color:#CCA876;'>&#57691;<\/span>\t\t\t\t\t\t\t\t\t\t\t\t\t\t\t<\/div>\r\n\t\t\t\t\t\t\t\t\t<div class=\"sep-2\"><\/div>\r\n\t\t\t\t\t\t\t\t\t\t\t\t\t\t\t\t<div class=\"services-content\">\n<h3>Representation in management or inspection procedures of the Tax Agency<\/h3>\n<\/div>\r\n\t\t\t\t\t<\/div>\r\n<\/div>\r\n<\/div><\/div><\/div>\n<div class=\"wpv-grid grid-1-3  wpv-first-level unextended\" style=\"padding-top:0px;padding-bottom:0px\" id=\"wpv-column-7308462b1bfbf2763e282af6209e5790\" ><div class=\"row \"><div class=\"wpv-grid grid-1-1  first unextended\" style=\"padding-top:0px;padding-bottom:0px\" id=\"wpv-column-1d96bc5db4d6720059836aa400a62767\" ><div class=\"services clearfix fullimage no-image has-icon no-button \" style=\"text-align:left;\">\r\n\t<div class=\"services-inside\">\r\n\t\t\t\t\t\t\t\t\t<div class=\"thumbnail\">\r\n\t\t\t\t\t\t\t\t\t\t\t\t\t\t\t\t\t\t<span class='icon shortcode   use-hover' style='font-size:62px !important;color:#CCA876;'>&#57611;<\/span>\t\t\t\t\t\t\t\t\t\t\t\t\t\t\t<\/div>\r\n\t\t\t\t\t\t\t\t\t<div class=\"sep-2\"><\/div>\r\n\t\t\t\t\t\t\t\t\t\t\t\t\t\t\t\t<div class=\"services-content\">\n<h3>Tax audit service for companies<\/h3>\n<\/div>\r\n\t\t\t\t\t<\/div>\r\n<\/div>\r\n<\/div><\/div><\/div>\n<div class=\"wpv-grid grid-1-6  wpv-first-level unextended\" style=\"padding-top:0px;padding-bottom:0px\" id=\"wpv-column-9d3ba96d600fa76b20a09153113783e6\" ><div class=\"push\" style='height:4px'><\/div><\/div><\/div>\n","protected":false},"excerpt":{"rendered":"<p>We offer a wide range of tax advisory services and we are constantly updating the most recent changes in tax matters. The tax environment is in continuous transformation, so it requires planning and detailed analysis of applications and updates. In this sense, we consider all current aspects of taxation and the economy. Our tax services&#8230;<\/p>\n","protected":false},"author":1,"featured_media":0,"parent":0,"menu_order":0,"comment_status":"closed","ping_status":"closed","template":"","meta":{"footnotes":""},"class_list":["post-988272","page","type-page","status-publish","hentry"],"yoast_head":"<!-- This site is optimized with the Yoast SEO plugin v20.5 - https:\/\/yoast.com\/wordpress\/plugins\/seo\/ -->\n<title>Taxation - Madrazo Assessors<\/title>\n<meta name=\"description\" content=\"Oferim una amplia gama de serveis en assessorament fiscal i estem en constant actualitzaci\u00f3 dels canvis m\u00e9s recents en mat\u00e8ria tribut\u00e0ria.\" \/>\n<meta name=\"robots\" content=\"index, follow, max-snippet:-1, max-image-preview:large, max-video-preview:-1\" \/>\n<link rel=\"canonical\" href=\"https:\/\/madrazoassessors.com\/en\/taxation\/\" \/>\n<meta property=\"og:locale\" content=\"en_US\" \/>\n<meta property=\"og:type\" content=\"article\" \/>\n<meta property=\"og:title\" content=\"Taxation - Madrazo Assessors\" \/>\n<meta property=\"og:description\" content=\"Oferim una amplia gama de serveis en assessorament fiscal i estem en constant actualitzaci\u00f3 dels canvis m\u00e9s recents en mat\u00e8ria tribut\u00e0ria.\" \/>\n<meta property=\"og:url\" content=\"https:\/\/madrazoassessors.com\/en\/taxation\/\" \/>\n<meta property=\"og:site_name\" content=\"Madrazo Assessors\" \/>\n<meta property=\"article:modified_time\" content=\"2023-04-24T09:35:14+00:00\" \/>\n<meta name=\"twitter:card\" content=\"summary_large_image\" \/>\n<meta name=\"twitter:label1\" content=\"Est. reading time\" \/>\n\t<meta name=\"twitter:data1\" content=\"4 minutes\" \/>\n<script type=\"application\/ld+json\" class=\"yoast-schema-graph\">{\"@context\":\"https:\/\/schema.org\",\"@graph\":[{\"@type\":\"WebPage\",\"@id\":\"https:\/\/madrazoassessors.com\/en\/taxation\/\",\"url\":\"https:\/\/madrazoassessors.com\/en\/taxation\/\",\"name\":\"Taxation - Madrazo Assessors\",\"isPartOf\":{\"@id\":\"https:\/\/madrazoassessors.com\/#website\"},\"datePublished\":\"2023-03-24T13:51:20+00:00\",\"dateModified\":\"2023-04-24T09:35:14+00:00\",\"description\":\"Oferim una amplia gama de serveis en assessorament fiscal i estem en constant actualitzaci\u00f3 dels canvis m\u00e9s recents en mat\u00e8ria tribut\u00e0ria.\",\"inLanguage\":\"en-US\",\"potentialAction\":[{\"@type\":\"ReadAction\",\"target\":[\"https:\/\/madrazoassessors.com\/en\/taxation\/\"]}]},{\"@type\":\"WebSite\",\"@id\":\"https:\/\/madrazoassessors.com\/#website\",\"url\":\"https:\/\/madrazoassessors.com\/\",\"name\":\"Madrazo Assessors\",\"description\":\"Assessorament i Gesti\u00f3 Empresarial\",\"publisher\":{\"@id\":\"https:\/\/madrazoassessors.com\/#organization\"},\"potentialAction\":[{\"@type\":\"SearchAction\",\"target\":{\"@type\":\"EntryPoint\",\"urlTemplate\":\"https:\/\/madrazoassessors.com\/?s={search_term_string}\"},\"query-input\":\"required name=search_term_string\"}],\"inLanguage\":\"en-US\"},{\"@type\":\"Organization\",\"@id\":\"https:\/\/madrazoassessors.com\/#organization\",\"name\":\"Madrazo Assessors\",\"url\":\"https:\/\/madrazoassessors.com\/\",\"logo\":{\"@type\":\"ImageObject\",\"inLanguage\":\"en-US\",\"@id\":\"https:\/\/madrazoassessors.com\/#\/schema\/logo\/image\/\",\"url\":\"https:\/\/madrazoassessors.com\/wp-content\/uploads\/2023\/10\/LogoMadrazoMedium.png\",\"contentUrl\":\"https:\/\/madrazoassessors.com\/wp-content\/uploads\/2023\/10\/LogoMadrazoMedium.png\",\"width\":450,\"height\":48,\"caption\":\"Madrazo Assessors\"},\"image\":{\"@id\":\"https:\/\/madrazoassessors.com\/#\/schema\/logo\/image\/\"}}]}<\/script>\n<!-- \/ Yoast SEO plugin. -->","yoast_head_json":{"title":"Taxation - Madrazo Assessors","description":"Oferim una amplia gama de serveis en assessorament fiscal i estem en constant actualitzaci\u00f3 dels canvis m\u00e9s recents en mat\u00e8ria tribut\u00e0ria.","robots":{"index":"index","follow":"follow","max-snippet":"max-snippet:-1","max-image-preview":"max-image-preview:large","max-video-preview":"max-video-preview:-1"},"canonical":"https:\/\/madrazoassessors.com\/en\/taxation\/","og_locale":"en_US","og_type":"article","og_title":"Taxation - Madrazo Assessors","og_description":"Oferim una amplia gama de serveis en assessorament fiscal i estem en constant actualitzaci\u00f3 dels canvis m\u00e9s recents en mat\u00e8ria tribut\u00e0ria.","og_url":"https:\/\/madrazoassessors.com\/en\/taxation\/","og_site_name":"Madrazo Assessors","article_modified_time":"2023-04-24T09:35:14+00:00","twitter_card":"summary_large_image","twitter_misc":{"Est. reading time":"4 minutes"},"schema":{"@context":"https:\/\/schema.org","@graph":[{"@type":"WebPage","@id":"https:\/\/madrazoassessors.com\/en\/taxation\/","url":"https:\/\/madrazoassessors.com\/en\/taxation\/","name":"Taxation - Madrazo Assessors","isPartOf":{"@id":"https:\/\/madrazoassessors.com\/#website"},"datePublished":"2023-03-24T13:51:20+00:00","dateModified":"2023-04-24T09:35:14+00:00","description":"Oferim una amplia gama de serveis en assessorament fiscal i estem en constant actualitzaci\u00f3 dels canvis m\u00e9s recents en mat\u00e8ria tribut\u00e0ria.","inLanguage":"en-US","potentialAction":[{"@type":"ReadAction","target":["https:\/\/madrazoassessors.com\/en\/taxation\/"]}]},{"@type":"WebSite","@id":"https:\/\/madrazoassessors.com\/#website","url":"https:\/\/madrazoassessors.com\/","name":"Madrazo Assessors","description":"Assessorament i Gesti\u00f3 Empresarial","publisher":{"@id":"https:\/\/madrazoassessors.com\/#organization"},"potentialAction":[{"@type":"SearchAction","target":{"@type":"EntryPoint","urlTemplate":"https:\/\/madrazoassessors.com\/?s={search_term_string}"},"query-input":"required name=search_term_string"}],"inLanguage":"en-US"},{"@type":"Organization","@id":"https:\/\/madrazoassessors.com\/#organization","name":"Madrazo Assessors","url":"https:\/\/madrazoassessors.com\/","logo":{"@type":"ImageObject","inLanguage":"en-US","@id":"https:\/\/madrazoassessors.com\/#\/schema\/logo\/image\/","url":"https:\/\/madrazoassessors.com\/wp-content\/uploads\/2023\/10\/LogoMadrazoMedium.png","contentUrl":"https:\/\/madrazoassessors.com\/wp-content\/uploads\/2023\/10\/LogoMadrazoMedium.png","width":450,"height":48,"caption":"Madrazo Assessors"},"image":{"@id":"https:\/\/madrazoassessors.com\/#\/schema\/logo\/image\/"}}]}},"_links":{"self":[{"href":"https:\/\/madrazoassessors.com\/en\/wp-json\/wp\/v2\/pages\/988272","targetHints":{"allow":["GET"]}}],"collection":[{"href":"https:\/\/madrazoassessors.com\/en\/wp-json\/wp\/v2\/pages"}],"about":[{"href":"https:\/\/madrazoassessors.com\/en\/wp-json\/wp\/v2\/types\/page"}],"author":[{"embeddable":true,"href":"https:\/\/madrazoassessors.com\/en\/wp-json\/wp\/v2\/users\/1"}],"replies":[{"embeddable":true,"href":"https:\/\/madrazoassessors.com\/en\/wp-json\/wp\/v2\/comments?post=988272"}],"version-history":[{"count":2,"href":"https:\/\/madrazoassessors.com\/en\/wp-json\/wp\/v2\/pages\/988272\/revisions"}],"predecessor-version":[{"id":988274,"href":"https:\/\/madrazoassessors.com\/en\/wp-json\/wp\/v2\/pages\/988272\/revisions\/988274"}],"wp:attachment":[{"href":"https:\/\/madrazoassessors.com\/en\/wp-json\/wp\/v2\/media?parent=988272"}],"curies":[{"name":"wp","href":"https:\/\/api.w.org\/{rel}","templated":true}]}}