{"id":988249,"date":"2013-03-15T12:36:27","date_gmt":"2013-03-15T10:36:27","guid":{"rendered":"https:\/\/madrazoassessors.com\/home\/"},"modified":"2023-11-28T12:57:34","modified_gmt":"2023-11-28T10:57:34","slug":"home","status":"publish","type":"page","link":"https:\/\/madrazoassessors.com\/es\/","title":{"rendered":"Home"},"content":{"rendered":"<div class=\"row \"><div class=\"wpv-grid grid-1-1  wpv-first-level first unextended animation-fade-in animated-active\" style=\"padding-top:0px;padding-bottom:0px\" id=\"wpv-column-9ab4cdff5725a140000f260f9299ea0f\" ><div class=\"push\" style='height:50px'><\/div>\n\t\t\t\t\t\n<h1 class=\"p1\" style=\"text-align: center;\">SERVICIOS DE CONTABILIDAD,<br \/>\nFISCALIDAD, GESTI\u00d3N LABORAL Y GESTI\u00d3N FINANCIERA<\/h1>\n\t\t\t\t<div class=\"sep\"><\/div>\t<\/div><\/div>\n<div class=\"row \"><div class=\"wpv-grid grid-1-5  wpv-first-level first unextended animation-fade-in animated-active\" style=\"padding-top:0px;padding-bottom:0px\" id=\"wpv-column-4e4a5c3f7558c17ea4fecc3ce76b9386\" ><div class=\"push\" style='height:4px'><\/div><\/div>\n<div class=\"wpv-grid grid-3-5  wpv-first-level unextended animation-fade-in animated-active\" style=\"padding-top:0px;padding-bottom:0px\" id=\"wpv-column-5e58badb07f5735f7c88670ac7463358\" ><div class=\"row \"><div class=\"wpv-grid grid-1-1  first unextended animation-from-bottom animated-active\" style=\"padding-top:0px;padding-bottom:0px\" id=\"wpv-column-25a6bb370c99f763f31348144e107630\" ><p style=\"text-align: center;\">Ofrecemos a nuestros clientes todos los <strong>servicios en materia econ\u00f3mico-financiera y gesti\u00f3n<\/strong> en diferentes \u00e1mbitos de su actividad, desde la <strong>constituci\u00f3n y alta de la actividad<\/strong>, el <strong>estudio de la viabilidad<\/strong> del proyecto, la <strong>gesti\u00f3n contable, fiscal y laboral<\/strong>, el <strong>an\u00e1lisis y diagn\u00f3stico econ\u00f3mico-financiero<\/strong> y la <strong>valoraci\u00f3n de la empresa.<\/strong><\/div><\/div>\n<div class=\"push\" ><\/div><\/div>\n<div class=\"wpv-grid grid-1-5  wpv-first-level unextended animation-fade-in animated-active\" style=\"padding-top:0px;padding-bottom:0px\" id=\"wpv-column-5f2b450c7b41397a0a10f45fc1a3ea05\" ><div class=\"push\" style='height:4px'><\/div><\/div><\/div>\n<div class=\"push\" style='height:40px'><\/div>\n<div class=\"row \"><div class=\"wpv-grid grid-1-3  wpv-first-level first unextended animation-from-bottom animated-active\" style=\"padding-top:0px;padding-bottom:0px\" id=\"wpv-column-3eb83a0e09e4aabaa6f333f9f4a1492d\" ><div class=\"row \"><div class=\"wpv-grid grid-1-1  first unextended\" style=\"padding-top:0px;padding-bottom:0px\" id=\"wpv-column-ef5bcbc55424a4e77331cfa7fda0cdec\" ><div class=\"services clearfix fullimage no-image has-icon has-button \" style=\"text-align:left;\">\r\n\t<div class=\"services-inside\">\r\n\t\t\t\t\t\t\t\t\t<div class=\"thumbnail\">\r\n\t\t\t\t\t\t\t\t\t\t\t<a href=\"\/es\/contabilidad\/\" title=\"Contabilidad\" class=\"\">\r\n\t\t\t\t\t\t\t\t\t\t\t\t\t\t\t\t\t\t<span class='icon shortcode   use-hover' style='font-size:62px !important;color:#CCA876;'>&#57488;<\/span>\t\t\t\t\t\t\t\t\t\t\t\t\t\t\t\t\t<\/a>\r\n\t\t\t\t\t\t\t\t\t<\/div>\r\n\t\t\t\t\t\t\t\t\t<div class=\"sep-2\"><\/div>\r\n\t\t\t\t\t\t\t\t\t\t\t\t\t\t<h4 class=\"services-title\">\r\n\t\t\t\t\t\t\t\t\t<a href=\"\/es\/contabilidad\/\" title=\"Contabilidad\">Contabilidad<\/a>\r\n\t\t\t\t\t\t\t<\/h4>\r\n\t\t\t\t\t\t\t<div class=\"services-content\">\n<p class=\"p1\"><span class=\"s1\">Aparte de confeccionar la <strong>contabilidad completa<\/strong>, ponemos a disposici\u00f3n de los clientes nuestros conocimientos especializados y le asesoramos.<\/span><\/div>\r\n\t\t\t\t\t\t\t<div class=\"services-button-wrap\">\r\n\t\t\t\t<a href=\"\/es\/contabilidad\/\"><span class=\"btext\">Leer m\u00e1s<\/span><\/a>\r\n\t\t\t<\/div>\r\n\t\t\t<\/div>\r\n<\/div>\r\n<\/div><\/div><\/div>\n<div class=\"wpv-grid grid-1-3  wpv-first-level unextended animation-from-bottom animated-active\" style=\"padding-top:0px;padding-bottom:0px\" id=\"wpv-column-612da4851f449a64d06c2f4aba7630ec\" ><div class=\"row \"><div class=\"wpv-grid grid-1-1  first unextended\" style=\"padding-top:0px;padding-bottom:0px\" id=\"wpv-column-94941ac779e3771661400140ab2788b3\" ><div class=\"services clearfix fullimage no-image has-icon has-button \" style=\"text-align:left;\">\r\n\t<div class=\"services-inside\">\r\n\t\t\t\t\t\t\t\t\t<div class=\"thumbnail\">\r\n\t\t\t\t\t\t\t\t\t\t\t<a href=\"\/es\/fiscalidad\/\" title=\"Fiscalidad\" class=\"\">\r\n\t\t\t\t\t\t\t\t\t\t\t\t\t\t\t\t\t\t<span class='icon shortcode   use-hover' style='font-size:62px !important;color:#CCA876;'>&#57695;<\/span>\t\t\t\t\t\t\t\t\t\t\t\t\t\t\t\t\t<\/a>\r\n\t\t\t\t\t\t\t\t\t<\/div>\r\n\t\t\t\t\t\t\t\t\t<div class=\"sep-2\"><\/div>\r\n\t\t\t\t\t\t\t\t\t\t\t\t\t\t<h4 class=\"services-title\">\r\n\t\t\t\t\t\t\t\t\t<a href=\"\/es\/fiscalidad\/\" title=\"Fiscalidad\">Fiscalidad<\/a>\r\n\t\t\t\t\t\t\t<\/h4>\r\n\t\t\t\t\t\t\t<div class=\"services-content\">\n<p class=\"p1\"><span class=\"s1\">Ofrecemos una amplia gama de <strong>servicios en asesoramiento fiscal<\/strong> y estamos en constante actualizaci\u00f3n de los cambios m\u00e1s recientes en materia tributaria.<\/span><\/div>\r\n\t\t\t\t\t\t\t<div class=\"services-button-wrap\">\r\n\t\t\t\t<a href=\"\/es\/fiscalidad\/\"><span class=\"btext\">Leer m\u00e1s<\/span><\/a>\r\n\t\t\t<\/div>\r\n\t\t\t<\/div>\r\n<\/div>\r\n<\/div><\/div><\/div>\n<div class=\"wpv-grid grid-1-3  wpv-first-level unextended animation-from-bottom animated-active\" style=\"padding-top:0px;padding-bottom:0px\" id=\"wpv-column-67b3abdddec5ed640544b723b4d056e4\" ><div class=\"row \"><div class=\"wpv-grid grid-1-1  first unextended\" style=\"padding-top:0px;padding-bottom:0px\" id=\"wpv-column-ab02dc74551e88660be4c9bcb22359cd\" ><div class=\"services clearfix fullimage no-image has-icon has-button \" style=\"text-align:left;\">\r\n\t<div class=\"services-inside\">\r\n\t\t\t\t\t\t\t\t\t<div class=\"thumbnail\">\r\n\t\t\t\t\t\t\t\t\t\t\t<a href=\"\/es\/gestion-laboral\/\" title=\"Gesti\u00f3n Laboral\" class=\"\">\r\n\t\t\t\t\t\t\t\t\t\t\t\t\t\t\t\t\t\t<span class='icon shortcode   use-hover' style='font-size:62px !important;color:#CCA876;'>&#57883;<\/span>\t\t\t\t\t\t\t\t\t\t\t\t\t\t\t\t\t<\/a>\r\n\t\t\t\t\t\t\t\t\t<\/div>\r\n\t\t\t\t\t\t\t\t\t<div class=\"sep-2\"><\/div>\r\n\t\t\t\t\t\t\t\t\t\t\t\t\t\t<h4 class=\"services-title\">\r\n\t\t\t\t\t\t\t\t\t<a href=\"\/es\/gestion-laboral\/\" title=\"Gesti\u00f3n Laboral\">Gesti\u00f3n Laboral<\/a>\r\n\t\t\t\t\t\t\t<\/h4>\r\n\t\t\t\t\t\t\t<div class=\"services-content\">\n<p class=\"p1\"><span class=\"s1\">Proporcionamos a su negocio soluciones para la externalizaci\u00f3n de la <strong>gesti\u00f3n y administraci\u00f3n del personal<\/strong>.<\/span><\/div>\r\n\t\t\t\t\t\t\t<div class=\"services-button-wrap\">\r\n\t\t\t\t<a href=\"\/es\/gestion-laboral\/\"><span class=\"btext\">Leer m\u00e1s<\/span><\/a>\r\n\t\t\t<\/div>\r\n\t\t\t<\/div>\r\n<\/div>\r\n<\/div><\/div><\/div><\/div>\n<div class=\"row \"><div class=\"wpv-grid grid-1-3  wpv-first-level first unextended animation-from-bottom animated-active\" style=\"padding-top:0px;padding-bottom:0px\" id=\"wpv-column-ca3bf71afd29e10162cfcdafde25fa54\" ><div class=\"row \"><div class=\"wpv-grid grid-1-1  first unextended\" style=\"padding-top:0px;padding-bottom:0px\" id=\"wpv-column-fd7d6a8a5a31d46a15b55bbe2d34720b\" ><div class=\"services clearfix fullimage no-image has-icon has-button \" style=\"text-align:left;\">\r\n\t<div class=\"services-inside\">\r\n\t\t\t\t\t\t\t\t\t<div class=\"thumbnail\">\r\n\t\t\t\t\t\t\t\t\t\t\t<a href=\"\/es\/plan-de-viabilidad\/\" title=\"Plan de viabilidad\" class=\"\">\r\n\t\t\t\t\t\t\t\t\t\t\t\t\t\t\t\t\t\t<span class='icon shortcode   use-hover' style='font-size:62px !important;color:#CCA876;'>&#57743;<\/span>\t\t\t\t\t\t\t\t\t\t\t\t\t\t\t\t\t<\/a>\r\n\t\t\t\t\t\t\t\t\t<\/div>\r\n\t\t\t\t\t\t\t\t\t<div class=\"sep-2\"><\/div>\r\n\t\t\t\t\t\t\t\t\t\t\t\t\t\t<h4 class=\"services-title\">\r\n\t\t\t\t\t\t\t\t\t<a href=\"\/es\/plan-de-viabilidad\/\" title=\"Plan de viabilidad\">Plan de viabilidad<\/a>\r\n\t\t\t\t\t\t\t<\/h4>\r\n\t\t\t\t\t\t\t<div class=\"services-content\">\n<p class=\"p1\"><span class=\"s1\">Estudio y confecci\u00f3n de un <strong>plan de viabilidad financiero<\/strong>, a fin de valorar de forma coherente tu proyecto empresarial y aumentar sus posibilidades de \u00e9xito.<\/span><\/div>\r\n\t\t\t\t\t\t\t<div class=\"services-button-wrap\">\r\n\t\t\t\t<a href=\"\/es\/plan-de-viabilidad\/\"><span class=\"btext\">Leer m\u00e1s<\/span><\/a>\r\n\t\t\t<\/div>\r\n\t\t\t<\/div>\r\n<\/div>\r\n<\/div><\/div><\/div>\n<div class=\"wpv-grid grid-1-3  wpv-first-level unextended animation-from-bottom animated-active\" style=\"padding-top:0px;padding-bottom:0px\" id=\"wpv-column-a1965137d90544a201d114bde73db8f3\" ><div class=\"row \"><div class=\"wpv-grid grid-1-1  first unextended\" style=\"padding-top:0px;padding-bottom:0px\" id=\"wpv-column-64937797fd4f6701f5af342ed442aacc\" ><div class=\"services clearfix fullimage no-image has-icon has-button \" style=\"text-align:left;\">\r\n\t<div class=\"services-inside\">\r\n\t\t\t\t\t\t\t\t\t<div class=\"thumbnail\">\r\n\t\t\t\t\t\t\t\t\t\t\t<a href=\"\/es\/estudio-de-rentabilidad\/\" title=\"Estudio de Rentabilidad\" class=\"\">\r\n\t\t\t\t\t\t\t\t\t\t\t\t\t\t\t\t\t\t<span class='icon shortcode   use-hover' style='font-size:62px !important;color:#CCA876;'>&#57686;<\/span>\t\t\t\t\t\t\t\t\t\t\t\t\t\t\t\t\t<\/a>\r\n\t\t\t\t\t\t\t\t\t<\/div>\r\n\t\t\t\t\t\t\t\t\t<div class=\"sep-2\"><\/div>\r\n\t\t\t\t\t\t\t\t\t\t\t\t\t\t<h4 class=\"services-title\">\r\n\t\t\t\t\t\t\t\t\t<a href=\"\/es\/estudio-de-rentabilidad\/\" title=\"Estudio de Rentabilidad\">Estudio de Rentabilidad<\/a>\r\n\t\t\t\t\t\t\t<\/h4>\r\n\t\t\t\t\t\t\t<div class=\"services-content\">\n<p class=\"p1\"><span class=\"s1\">El <strong>an\u00e1lisis de la rentabilidad<\/strong> nos indica si la actividad de la empresa es eficiente en la gesti\u00f3n de tus activos, tus recursos y apalancamiento.<\/span><\/div>\r\n\t\t\t\t\t\t\t<div class=\"services-button-wrap\">\r\n\t\t\t\t<a href=\"\/es\/estudio-de-rentabilidad\/\"><span class=\"btext\">Leer m\u00e1s<\/span><\/a>\r\n\t\t\t<\/div>\r\n\t\t\t<\/div>\r\n<\/div>\r\n<\/div><\/div><\/div>\n<div class=\"wpv-grid grid-1-3  wpv-first-level unextended animation-from-bottom animated-active\" style=\"padding-top:0px;padding-bottom:0px\" id=\"wpv-column-79e6cbeab79df5f334e0fdb2d99ccbff\" ><div class=\"row \"><div class=\"wpv-grid grid-1-1  first unextended\" style=\"padding-top:0px;padding-bottom:0px\" id=\"wpv-column-88a243682b958786c353ee357d91a78c\" ><div class=\"services clearfix fullimage no-image has-icon has-button \" style=\"text-align:left;\">\r\n\t<div class=\"services-inside\">\r\n\t\t\t\t\t\t\t\t\t<div class=\"thumbnail\">\r\n\t\t\t\t\t\t\t\t\t\t\t<a href=\"\/es\/constitucion-de-sociedades\/\" title=\"Constituci\u00f3n de Sociedades\" class=\"\">\r\n\t\t\t\t\t\t\t\t\t\t\t\t\t\t\t\t\t\t<span class='icon shortcode   use-hover' style='font-size:62px !important;color:#CCA876;'>&#57765;<\/span>\t\t\t\t\t\t\t\t\t\t\t\t\t\t\t\t\t<\/a>\r\n\t\t\t\t\t\t\t\t\t<\/div>\r\n\t\t\t\t\t\t\t\t\t<div class=\"sep-2\"><\/div>\r\n\t\t\t\t\t\t\t\t\t\t\t\t\t\t<h4 class=\"services-title\">\r\n\t\t\t\t\t\t\t\t\t<a href=\"\/es\/constitucion-de-sociedades\/\" title=\"Constituci\u00f3n de Sociedades\">Constituci\u00f3n de Sociedades<\/a>\r\n\t\t\t\t\t\t\t<\/h4>\r\n\t\t\t\t\t\t\t<div class=\"services-content\">\n<p class=\"p1\"><span class=\"s1\"><strong>Asesoramiento completo<\/strong> en todas las fases de la vida de su empresa, desde la <strong>constituci\u00f3n de la sociedad<\/strong> hasta la planificaci\u00f3n de la <strong>compra-venta<\/strong>.<\/span><\/div>\r\n\t\t\t\t\t\t\t<div class=\"services-button-wrap\">\r\n\t\t\t\t<a href=\"\/es\/constitucion-de-sociedades\/\"><span class=\"btext\">Leer m\u00e1s<\/span><\/a>\r\n\t\t\t<\/div>\r\n\t\t\t<\/div>\r\n<\/div>\r\n<\/div><\/div><\/div><\/div>\n<div class=\"push\" style='height:120px'><\/div>\n","protected":false},"excerpt":{"rendered":"<p>Ofrecemos a nuestros clientes todos los servicios en materia econ\u00f3mico-financiera y gesti\u00f3n en diferentes \u00e1mbitos de su actividad, desde la constituci\u00f3n y alta de la actividad, el estudio de la viabilidad del proyecto, la gesti\u00f3n contable, fiscal y laboral, el an\u00e1lisis y diagn\u00f3stico econ\u00f3mico-financiero y la valoraci\u00f3n de la empresa.<\/p>\n","protected":false},"author":1,"featured_media":0,"parent":0,"menu_order":0,"comment_status":"closed","ping_status":"closed","template":"","meta":{"footnotes":""},"class_list":["post-988249","page","type-page","status-publish","hentry"],"yoast_head":"<!-- This site is optimized with the Yoast SEO plugin v20.5 - https:\/\/yoast.com\/wordpress\/plugins\/seo\/ -->\n<title>Home - Madrazo Assessors<\/title>\n<meta name=\"robots\" content=\"index, follow, max-snippet:-1, max-image-preview:large, max-video-preview:-1\" \/>\n<link rel=\"canonical\" href=\"https:\/\/madrazoassessors.com\/es\/\" \/>\n<meta property=\"og:locale\" content=\"es_ES\" \/>\n<meta property=\"og:type\" content=\"article\" \/>\n<meta property=\"og:title\" content=\"Home - Madrazo Assessors\" \/>\n<meta property=\"og:description\" content=\"Ofrecemos a nuestros clientes todos los servicios en materia econ\u00f3mico-financiera y gesti\u00f3n en diferentes \u00e1mbitos de su actividad, desde la constituci\u00f3n y alta de la actividad, el estudio de la viabilidad del proyecto, la gesti\u00f3n contable, fiscal y laboral, el an\u00e1lisis y diagn\u00f3stico econ\u00f3mico-financiero y la valoraci\u00f3n de la empresa.\" \/>\n<meta property=\"og:url\" content=\"https:\/\/madrazoassessors.com\/es\/\" \/>\n<meta property=\"og:site_name\" content=\"Madrazo Assessors\" \/>\n<meta property=\"article:modified_time\" content=\"2023-11-28T10:57:34+00:00\" \/>\n<meta name=\"twitter:card\" content=\"summary_large_image\" \/>\n<meta name=\"twitter:label1\" content=\"Tiempo de lectura\" \/>\n\t<meta name=\"twitter:data1\" content=\"4 minutos\" \/>\n<script type=\"application\/ld+json\" class=\"yoast-schema-graph\">{\"@context\":\"https:\/\/schema.org\",\"@graph\":[{\"@type\":\"WebPage\",\"@id\":\"https:\/\/madrazoassessors.com\/es\/\",\"url\":\"https:\/\/madrazoassessors.com\/es\/\",\"name\":\"Home - Madrazo Assessors\",\"isPartOf\":{\"@id\":\"https:\/\/madrazoassessors.com\/#website\"},\"datePublished\":\"2013-03-15T10:36:27+00:00\",\"dateModified\":\"2023-11-28T10:57:34+00:00\",\"inLanguage\":\"es\",\"potentialAction\":[{\"@type\":\"ReadAction\",\"target\":[\"https:\/\/madrazoassessors.com\/es\/\"]}]},{\"@type\":\"WebSite\",\"@id\":\"https:\/\/madrazoassessors.com\/#website\",\"url\":\"https:\/\/madrazoassessors.com\/\",\"name\":\"Madrazo Assessors\",\"description\":\"Assessorament i Gesti\u00f3 Empresarial\",\"publisher\":{\"@id\":\"https:\/\/madrazoassessors.com\/#organization\"},\"potentialAction\":[{\"@type\":\"SearchAction\",\"target\":{\"@type\":\"EntryPoint\",\"urlTemplate\":\"https:\/\/madrazoassessors.com\/?s={search_term_string}\"},\"query-input\":\"required name=search_term_string\"}],\"inLanguage\":\"es\"},{\"@type\":\"Organization\",\"@id\":\"https:\/\/madrazoassessors.com\/#organization\",\"name\":\"Madrazo Assessors\",\"url\":\"https:\/\/madrazoassessors.com\/\",\"logo\":{\"@type\":\"ImageObject\",\"inLanguage\":\"es\",\"@id\":\"https:\/\/madrazoassessors.com\/#\/schema\/logo\/image\/\",\"url\":\"https:\/\/madrazoassessors.com\/wp-content\/uploads\/2023\/10\/LogoMadrazoMedium.png\",\"contentUrl\":\"https:\/\/madrazoassessors.com\/wp-content\/uploads\/2023\/10\/LogoMadrazoMedium.png\",\"width\":450,\"height\":48,\"caption\":\"Madrazo Assessors\"},\"image\":{\"@id\":\"https:\/\/madrazoassessors.com\/#\/schema\/logo\/image\/\"}}]}<\/script>\n<!-- \/ Yoast SEO plugin. -->","yoast_head_json":{"title":"Home - Madrazo Assessors","robots":{"index":"index","follow":"follow","max-snippet":"max-snippet:-1","max-image-preview":"max-image-preview:large","max-video-preview":"max-video-preview:-1"},"canonical":"https:\/\/madrazoassessors.com\/es\/","og_locale":"es_ES","og_type":"article","og_title":"Home - Madrazo Assessors","og_description":"Ofrecemos a nuestros clientes todos los servicios en materia econ\u00f3mico-financiera y gesti\u00f3n en diferentes \u00e1mbitos de su actividad, desde la constituci\u00f3n y alta de la actividad, el estudio de la viabilidad del proyecto, la gesti\u00f3n contable, fiscal y laboral, el an\u00e1lisis y diagn\u00f3stico econ\u00f3mico-financiero y la valoraci\u00f3n de la empresa.","og_url":"https:\/\/madrazoassessors.com\/es\/","og_site_name":"Madrazo Assessors","article_modified_time":"2023-11-28T10:57:34+00:00","twitter_card":"summary_large_image","twitter_misc":{"Tiempo de lectura":"4 minutos"},"schema":{"@context":"https:\/\/schema.org","@graph":[{"@type":"WebPage","@id":"https:\/\/madrazoassessors.com\/es\/","url":"https:\/\/madrazoassessors.com\/es\/","name":"Home - Madrazo Assessors","isPartOf":{"@id":"https:\/\/madrazoassessors.com\/#website"},"datePublished":"2013-03-15T10:36:27+00:00","dateModified":"2023-11-28T10:57:34+00:00","inLanguage":"es","potentialAction":[{"@type":"ReadAction","target":["https:\/\/madrazoassessors.com\/es\/"]}]},{"@type":"WebSite","@id":"https:\/\/madrazoassessors.com\/#website","url":"https:\/\/madrazoassessors.com\/","name":"Madrazo Assessors","description":"Assessorament i Gesti\u00f3 Empresarial","publisher":{"@id":"https:\/\/madrazoassessors.com\/#organization"},"potentialAction":[{"@type":"SearchAction","target":{"@type":"EntryPoint","urlTemplate":"https:\/\/madrazoassessors.com\/?s={search_term_string}"},"query-input":"required name=search_term_string"}],"inLanguage":"es"},{"@type":"Organization","@id":"https:\/\/madrazoassessors.com\/#organization","name":"Madrazo Assessors","url":"https:\/\/madrazoassessors.com\/","logo":{"@type":"ImageObject","inLanguage":"es","@id":"https:\/\/madrazoassessors.com\/#\/schema\/logo\/image\/","url":"https:\/\/madrazoassessors.com\/wp-content\/uploads\/2023\/10\/LogoMadrazoMedium.png","contentUrl":"https:\/\/madrazoassessors.com\/wp-content\/uploads\/2023\/10\/LogoMadrazoMedium.png","width":450,"height":48,"caption":"Madrazo Assessors"},"image":{"@id":"https:\/\/madrazoassessors.com\/#\/schema\/logo\/image\/"}}]}},"_links":{"self":[{"href":"https:\/\/madrazoassessors.com\/es\/wp-json\/wp\/v2\/pages\/988249","targetHints":{"allow":["GET"]}}],"collection":[{"href":"https:\/\/madrazoassessors.com\/es\/wp-json\/wp\/v2\/pages"}],"about":[{"href":"https:\/\/madrazoassessors.com\/es\/wp-json\/wp\/v2\/types\/page"}],"author":[{"embeddable":true,"href":"https:\/\/madrazoassessors.com\/es\/wp-json\/wp\/v2\/users\/1"}],"replies":[{"embeddable":true,"href":"https:\/\/madrazoassessors.com\/es\/wp-json\/wp\/v2\/comments?post=988249"}],"version-history":[{"count":13,"href":"https:\/\/madrazoassessors.com\/es\/wp-json\/wp\/v2\/pages\/988249\/revisions"}],"predecessor-version":[{"id":988526,"href":"https:\/\/madrazoassessors.com\/es\/wp-json\/wp\/v2\/pages\/988249\/revisions\/988526"}],"wp:attachment":[{"href":"https:\/\/madrazoassessors.com\/es\/wp-json\/wp\/v2\/media?parent=988249"}],"curies":[{"name":"wp","href":"https:\/\/api.w.org\/{rel}","templated":true}]}}