{"id":988275,"date":"2023-03-24T15:51:20","date_gmt":"2023-03-24T13:51:20","guid":{"rendered":"https:\/\/madrazoassessors.com\/fiscalitat\/"},"modified":"2023-04-25T13:46:28","modified_gmt":"2023-04-25T11:46:28","slug":"fiscalidad","status":"publish","type":"page","link":"https:\/\/madrazoassessors.com\/es\/fiscalidad\/","title":{"rendered":"Fiscalidad"},"content":{"rendered":"\t\t<div class=\"sep-text single centered\">\n\t\t\t\t\t\t\t<span class=\"sep-text-before\"><div class=\"sep-text-line\"><\/div><\/span>\n\t\t\t\t\t\t<div class=\"content\">\n\t\t\t\t\n<h2 style=\"text-align: center;\">Servicios en asesoramiento fiscal<\/h2>\n\t\t\t<\/div>\n\t\t\t<span class=\"sep-text-after\"><div class=\"sep-text-line\"><\/div><\/span>\n\t\t\t\t\t<\/div>\n\t\n<div class=\"row \"><div class=\"wpv-grid grid-1-5  wpv-first-level first unextended\" style=\"padding-top:0px;padding-bottom:0px\" id=\"wpv-column-5b9989bc90aac8ea4b03c4e4296c8707\" ><div class=\"push\" style='height:4px'><\/div><\/div>\n<div class=\"wpv-grid grid-3-5  wpv-first-level unextended\" style=\"padding-top:0px;padding-bottom:0px\" id=\"wpv-column-ae58a783aed728efdd8208b4d78063d0\" ><p>Ofrecemos una amplia gama de servicios en <strong>asesoramiento fiscal<\/strong> y estamos en constante actualizaci\u00f3n de los cambios m\u00e1s recientes en <strong>materia tributaria<\/strong>.<\/p>\n<p><strong>El entorno fiscal se encuentra en continua transformaci\u00f3n<\/strong>, por lo que <strong>requiere<\/strong> una <strong>planificaci\u00f3n<\/strong> y un <strong>an\u00e1lisis detallado<\/strong> de las aplicaciones y actualizaciones. En este sentido, <strong>consideramos todos los aspectos actuales de la fiscalidad y la econom\u00eda<\/strong>.<\/p>\n<p>Nuestros servicios fiscales son:<\/div>\n<div class=\"wpv-grid grid-1-5  wpv-first-level unextended\" style=\"padding-top:0px;padding-bottom:0px\" id=\"wpv-column-1dc598e6d5941106e453f0cc0a9a0340\" ><div class=\"push\" style='height:4px'><\/div><\/div><\/div>\n<div class=\"row \"><div class=\"wpv-grid grid-1-3  wpv-first-level first unextended\" style=\"padding-top:0px;padding-bottom:0px\" id=\"wpv-column-c82c15fa634cf43ddc3192fe84b51975\" ><div class=\"row \"><div class=\"wpv-grid grid-1-1  first unextended\" style=\"padding-top:0px;padding-bottom:0px\" id=\"wpv-column-9b02bb06a2108d9e3d2fac8bda18a734\" ><div class=\"services clearfix fullimage no-image has-icon no-button \" style=\"text-align:left;\">\r\n\t<div class=\"services-inside\">\r\n\t\t\t\t\t\t\t\t\t<div class=\"thumbnail\">\r\n\t\t\t\t\t\t\t\t\t\t\t\t\t\t\t\t\t\t<span class='icon shortcode   use-hover' style='font-size:62px !important;color:#CCA876;'>&#58228;<\/span>\t\t\t\t\t\t\t\t\t\t\t\t\t\t\t<\/div>\r\n\t\t\t\t\t\t\t\t\t<div class=\"sep-2\"><\/div>\r\n\t\t\t\t\t\t\t\t\t\t\t\t\t\t\t\t<div class=\"services-content\">\n<h3>Declaraciones fiscales de particulares (IRPF, Sucesiones, donaciones, entre otros)<\/h3>\n<\/div>\r\n\t\t\t\t\t<\/div>\r\n<\/div>\r\n<\/div><\/div><\/div>\n<div class=\"wpv-grid grid-1-3  wpv-first-level unextended\" style=\"padding-top:0px;padding-bottom:0px\" id=\"wpv-column-86fc5603f60a0df001dd6c12718ae3e8\" ><div class=\"row \"><div class=\"wpv-grid grid-1-1  first unextended\" style=\"padding-top:0px;padding-bottom:0px\" id=\"wpv-column-3f1fa7e53b7b15e8caf50f4b5e2bd5bd\" ><div class=\"services clearfix fullimage no-image has-icon no-button \" style=\"text-align:left;\">\r\n\t<div class=\"services-inside\">\r\n\t\t\t\t\t\t\t\t\t<div class=\"thumbnail\">\r\n\t\t\t\t\t\t\t\t\t\t\t\t\t\t\t\t\t\t<span class='icon shortcode   use-hover' style='font-size:62px !important;color:#CCA876;'>&#58233;<\/span>\t\t\t\t\t\t\t\t\t\t\t\t\t\t\t<\/div>\r\n\t\t\t\t\t\t\t\t\t<div class=\"sep-2\"><\/div>\r\n\t\t\t\t\t\t\t\t\t\t\t\t\t\t\t\t<div class=\"services-content\">\n<h3>Declaraciones fiscales de empresas y aut\u00f3nomos (Iva, Retenciones, Impuesto de sociedades, entre otros)<\/h3>\n<\/div>\r\n\t\t\t\t\t<\/div>\r\n<\/div>\r\n<\/div><\/div><\/div>\n<div class=\"wpv-grid grid-1-3  wpv-first-level unextended\" style=\"padding-top:0px;padding-bottom:0px\" id=\"wpv-column-71b4734dc58b5c9d7c675f263ad0bc1d\" ><div class=\"row \"><div class=\"wpv-grid grid-1-1  first unextended\" style=\"padding-top:0px;padding-bottom:0px\" id=\"wpv-column-3f04c0e0bbeb0548e53a0cf9646ef4eb\" ><div class=\"services clearfix fullimage no-image has-icon no-button \" style=\"text-align:left;\">\r\n\t<div class=\"services-inside\">\r\n\t\t\t\t\t\t\t\t\t<div class=\"thumbnail\">\r\n\t\t\t\t\t\t\t\t\t\t\t\t\t\t\t\t\t\t<span class='icon shortcode   use-hover' style='font-size:62px !important;color:#CCA876;'>&#57546;<\/span>\t\t\t\t\t\t\t\t\t\t\t\t\t\t\t<\/div>\r\n\t\t\t\t\t\t\t\t\t<div class=\"sep-2\"><\/div>\r\n\t\t\t\t\t\t\t\t\t\t\t\t\t\t\t\t<div class=\"services-content\">\n<h3>Cuentas Anuales y Libros contables<\/h3>\n<\/div>\r\n\t\t\t\t\t<\/div>\r\n<\/div>\r\n<\/div><\/div><\/div><\/div>\n<div class=\"row \"><div class=\"wpv-grid grid-1-3  wpv-first-level first unextended\" style=\"padding-top:0px;padding-bottom:0px\" id=\"wpv-column-276c0cdd811bbf92eeb1958b7727e7f0\" ><div class=\"row \"><div class=\"wpv-grid grid-1-1  first unextended\" style=\"padding-top:0px;padding-bottom:0px\" id=\"wpv-column-81a27024a272693ec6074db61744d4f5\" ><div class=\"services clearfix fullimage no-image has-icon no-button \" style=\"text-align:left;\">\r\n\t<div class=\"services-inside\">\r\n\t\t\t\t\t\t\t\t\t<div class=\"thumbnail\">\r\n\t\t\t\t\t\t\t\t\t\t\t\t\t\t\t\t\t\t<span class='icon shortcode   use-hover' style='font-size:62px !important;color:#CCA876;'>&#57735;<\/span>\t\t\t\t\t\t\t\t\t\t\t\t\t\t\t<\/div>\r\n\t\t\t\t\t\t\t\t\t<div class=\"sep-2\"><\/div>\r\n\t\t\t\t\t\t\t\t\t\t\t\t\t\t\t\t<div class=\"services-content\">\n<h3>Cuentas de ingresos y gastos y balances fiscales<\/h3>\n<\/div>\r\n\t\t\t\t\t<\/div>\r\n<\/div>\r\n<\/div><\/div><\/div>\n<div class=\"wpv-grid grid-1-3  wpv-first-level unextended\" style=\"padding-top:0px;padding-bottom:0px\" id=\"wpv-column-2050290d9fe3b46302a3338701d8393e\" ><div class=\"row \"><div class=\"wpv-grid grid-1-1  first unextended\" style=\"padding-top:0px;padding-bottom:0px\" id=\"wpv-column-9531c090695bf46d23382e95a8da5e03\" ><div class=\"services clearfix fullimage no-image has-icon no-button \" style=\"text-align:left;\">\r\n\t<div class=\"services-inside\">\r\n\t\t\t\t\t\t\t\t\t<div class=\"thumbnail\">\r\n\t\t\t\t\t\t\t\t\t\t\t\t\t\t\t\t\t\t<span class='icon shortcode   use-hover' style='font-size:62px !important;color:#CCA876;'>&#57625;<\/span>\t\t\t\t\t\t\t\t\t\t\t\t\t\t\t<\/div>\r\n\t\t\t\t\t\t\t\t\t<div class=\"sep-2\"><\/div>\r\n\t\t\t\t\t\t\t\t\t\t\t\t\t\t\t\t<div class=\"services-content\">\n<h3>Asesoramiento en asuntos relacionados con el impuesto de transmisi\u00f3n patrimonial y el impuesto de donaciones<\/h3>\n<\/div>\r\n\t\t\t\t\t<\/div>\r\n<\/div>\r\n<\/div><\/div><\/div>\n<div class=\"wpv-grid grid-1-3  wpv-first-level unextended\" style=\"padding-top:0px;padding-bottom:0px\" id=\"wpv-column-511d951c74c1fcc642bf9a242ce28379\" ><div class=\"row \"><div class=\"wpv-grid grid-1-1  first unextended\" style=\"padding-top:0px;padding-bottom:0px\" id=\"wpv-column-bd6c2c246728bd3b8cb19c8736dd3000\" ><div class=\"services clearfix fullimage no-image has-icon no-button \" style=\"text-align:left;\">\r\n\t<div class=\"services-inside\">\r\n\t\t\t\t\t\t\t\t\t<div class=\"thumbnail\">\r\n\t\t\t\t\t\t\t\t\t\t\t\t\t\t\t\t\t\t<span class='icon shortcode   use-hover' style='font-size:62px !important;color:#CCA876;'>&#57799;<\/span>\t\t\t\t\t\t\t\t\t\t\t\t\t\t\t<\/div>\r\n\t\t\t\t\t\t\t\t\t<div class=\"sep-2\"><\/div>\r\n\t\t\t\t\t\t\t\t\t\t\t\t\t\t\t\t<div class=\"services-content\">\n<h3>Ordenamiento de la sucesi\u00f3n empresarial y asesoramiento en la creaci\u00f3n o venta de empresas<\/h3>\n<\/div>\r\n\t\t\t\t\t<\/div>\r\n<\/div>\r\n<\/div><\/div><\/div><\/div>\n<div class=\"row \"><div class=\"wpv-grid grid-1-6  wpv-first-level first unextended\" style=\"padding-top:0px;padding-bottom:0px\" id=\"wpv-column-8b30f1e5e5e2ecbe992fcd1fd847d138\" ><div class=\"push\" style='height:4px'><\/div><\/div>\n<div class=\"wpv-grid grid-1-3  wpv-first-level unextended\" style=\"padding-top:0px;padding-bottom:0px\" id=\"wpv-column-4994a45b574b5ff66b3f4a3d0214c75b\" ><div class=\"row \"><div class=\"wpv-grid grid-1-1  first unextended\" style=\"padding-top:0px;padding-bottom:0px\" id=\"wpv-column-33f5efe03d693c313b86f1f27c7d0dad\" ><div class=\"services clearfix fullimage no-image has-icon no-button \" style=\"text-align:left;\">\r\n\t<div class=\"services-inside\">\r\n\t\t\t\t\t\t\t\t\t<div class=\"thumbnail\">\r\n\t\t\t\t\t\t\t\t\t\t\t\t\t\t\t\t\t\t<span class='icon shortcode   use-hover' style='font-size:62px !important;color:#CCA876;'>&#57691;<\/span>\t\t\t\t\t\t\t\t\t\t\t\t\t\t\t<\/div>\r\n\t\t\t\t\t\t\t\t\t<div class=\"sep-2\"><\/div>\r\n\t\t\t\t\t\t\t\t\t\t\t\t\t\t\t\t<div class=\"services-content\">\n<h3>Representaci\u00f3n en procedimientos de gesti\u00f3n o inspecci\u00f3n de la Agencia tributaria<\/h3>\n<\/div>\r\n\t\t\t\t\t<\/div>\r\n<\/div>\r\n<\/div><\/div><\/div>\n<div class=\"wpv-grid grid-1-3  wpv-first-level unextended\" style=\"padding-top:0px;padding-bottom:0px\" id=\"wpv-column-7e0b7b94f9a054d504980e7bbfaec7b5\" ><div class=\"row \"><div class=\"wpv-grid grid-1-1  first unextended\" style=\"padding-top:0px;padding-bottom:0px\" id=\"wpv-column-ed5426b6679addb7c9f44a5c00e1094f\" ><div class=\"services clearfix fullimage no-image has-icon no-button \" style=\"text-align:left;\">\r\n\t<div class=\"services-inside\">\r\n\t\t\t\t\t\t\t\t\t<div class=\"thumbnail\">\r\n\t\t\t\t\t\t\t\t\t\t\t\t\t\t\t\t\t\t<span class='icon shortcode   use-hover' style='font-size:62px !important;color:#CCA876;'>&#57611;<\/span>\t\t\t\t\t\t\t\t\t\t\t\t\t\t\t<\/div>\r\n\t\t\t\t\t\t\t\t\t<div class=\"sep-2\"><\/div>\r\n\t\t\t\t\t\t\t\t\t\t\t\t\t\t\t\t<div class=\"services-content\">\n<h3>Servicio de auditor\u00eda fiscal para empresas<\/h3>\n<\/div>\r\n\t\t\t\t\t<\/div>\r\n<\/div>\r\n<\/div><\/div><\/div>\n<div class=\"wpv-grid grid-1-6  wpv-first-level unextended\" style=\"padding-top:0px;padding-bottom:0px\" id=\"wpv-column-142287619b6073eda1499229181c9eeb\" ><div class=\"push\" style='height:4px'><\/div><\/div><\/div>\n","protected":false},"excerpt":{"rendered":"<p>Ofrecemos una amplia gama de servicios en asesoramiento fiscal y estamos en constante actualizaci\u00f3n de los cambios m\u00e1s recientes en materia tributaria. El entorno fiscal se encuentra en continua transformaci\u00f3n, por lo que requiere una planificaci\u00f3n y un an\u00e1lisis detallado de las aplicaciones y actualizaciones. En este sentido, consideramos todos los aspectos actuales de la&#8230;<\/p>\n","protected":false},"author":1,"featured_media":0,"parent":0,"menu_order":0,"comment_status":"closed","ping_status":"closed","template":"","meta":{"footnotes":""},"class_list":["post-988275","page","type-page","status-publish","hentry"],"yoast_head":"<!-- This site is optimized with the Yoast SEO plugin v20.5 - https:\/\/yoast.com\/wordpress\/plugins\/seo\/ -->\n<title>Fiscalidad - Madrazo Assessors<\/title>\n<meta name=\"description\" content=\"Oferim una amplia gama de serveis en assessorament fiscal i estem en constant actualitzaci\u00f3 dels canvis m\u00e9s recents en mat\u00e8ria tribut\u00e0ria.\" \/>\n<meta name=\"robots\" content=\"index, follow, max-snippet:-1, max-image-preview:large, max-video-preview:-1\" \/>\n<link rel=\"canonical\" href=\"https:\/\/madrazoassessors.com\/es\/fiscalidad\/\" \/>\n<meta property=\"og:locale\" content=\"es_ES\" \/>\n<meta property=\"og:type\" content=\"article\" \/>\n<meta property=\"og:title\" content=\"Fiscalidad - Madrazo Assessors\" \/>\n<meta property=\"og:description\" content=\"Oferim una amplia gama de serveis en assessorament fiscal i estem en constant actualitzaci\u00f3 dels canvis m\u00e9s recents en mat\u00e8ria tribut\u00e0ria.\" \/>\n<meta property=\"og:url\" content=\"https:\/\/madrazoassessors.com\/es\/fiscalidad\/\" \/>\n<meta property=\"og:site_name\" content=\"Madrazo Assessors\" \/>\n<meta property=\"article:modified_time\" content=\"2023-04-25T11:46:28+00:00\" \/>\n<meta name=\"twitter:card\" content=\"summary_large_image\" \/>\n<meta name=\"twitter:label1\" content=\"Tiempo de lectura\" \/>\n\t<meta name=\"twitter:data1\" content=\"4 minutos\" \/>\n<script type=\"application\/ld+json\" class=\"yoast-schema-graph\">{\"@context\":\"https:\/\/schema.org\",\"@graph\":[{\"@type\":\"WebPage\",\"@id\":\"https:\/\/madrazoassessors.com\/es\/fiscalidad\/\",\"url\":\"https:\/\/madrazoassessors.com\/es\/fiscalidad\/\",\"name\":\"Fiscalidad - Madrazo Assessors\",\"isPartOf\":{\"@id\":\"https:\/\/madrazoassessors.com\/#website\"},\"datePublished\":\"2023-03-24T13:51:20+00:00\",\"dateModified\":\"2023-04-25T11:46:28+00:00\",\"description\":\"Oferim una amplia gama de serveis en assessorament fiscal i estem en constant actualitzaci\u00f3 dels canvis m\u00e9s recents en mat\u00e8ria tribut\u00e0ria.\",\"inLanguage\":\"es\",\"potentialAction\":[{\"@type\":\"ReadAction\",\"target\":[\"https:\/\/madrazoassessors.com\/es\/fiscalidad\/\"]}]},{\"@type\":\"WebSite\",\"@id\":\"https:\/\/madrazoassessors.com\/#website\",\"url\":\"https:\/\/madrazoassessors.com\/\",\"name\":\"Madrazo Assessors\",\"description\":\"Assessorament i Gesti\u00f3 Empresarial\",\"publisher\":{\"@id\":\"https:\/\/madrazoassessors.com\/#organization\"},\"potentialAction\":[{\"@type\":\"SearchAction\",\"target\":{\"@type\":\"EntryPoint\",\"urlTemplate\":\"https:\/\/madrazoassessors.com\/?s={search_term_string}\"},\"query-input\":\"required name=search_term_string\"}],\"inLanguage\":\"es\"},{\"@type\":\"Organization\",\"@id\":\"https:\/\/madrazoassessors.com\/#organization\",\"name\":\"Madrazo Assessors\",\"url\":\"https:\/\/madrazoassessors.com\/\",\"logo\":{\"@type\":\"ImageObject\",\"inLanguage\":\"es\",\"@id\":\"https:\/\/madrazoassessors.com\/#\/schema\/logo\/image\/\",\"url\":\"https:\/\/madrazoassessors.com\/wp-content\/uploads\/2023\/10\/LogoMadrazoMedium.png\",\"contentUrl\":\"https:\/\/madrazoassessors.com\/wp-content\/uploads\/2023\/10\/LogoMadrazoMedium.png\",\"width\":450,\"height\":48,\"caption\":\"Madrazo Assessors\"},\"image\":{\"@id\":\"https:\/\/madrazoassessors.com\/#\/schema\/logo\/image\/\"}}]}<\/script>\n<!-- \/ Yoast SEO plugin. -->","yoast_head_json":{"title":"Fiscalidad - Madrazo Assessors","description":"Oferim una amplia gama de serveis en assessorament fiscal i estem en constant actualitzaci\u00f3 dels canvis m\u00e9s recents en mat\u00e8ria tribut\u00e0ria.","robots":{"index":"index","follow":"follow","max-snippet":"max-snippet:-1","max-image-preview":"max-image-preview:large","max-video-preview":"max-video-preview:-1"},"canonical":"https:\/\/madrazoassessors.com\/es\/fiscalidad\/","og_locale":"es_ES","og_type":"article","og_title":"Fiscalidad - Madrazo Assessors","og_description":"Oferim una amplia gama de serveis en assessorament fiscal i estem en constant actualitzaci\u00f3 dels canvis m\u00e9s recents en mat\u00e8ria tribut\u00e0ria.","og_url":"https:\/\/madrazoassessors.com\/es\/fiscalidad\/","og_site_name":"Madrazo Assessors","article_modified_time":"2023-04-25T11:46:28+00:00","twitter_card":"summary_large_image","twitter_misc":{"Tiempo de lectura":"4 minutos"},"schema":{"@context":"https:\/\/schema.org","@graph":[{"@type":"WebPage","@id":"https:\/\/madrazoassessors.com\/es\/fiscalidad\/","url":"https:\/\/madrazoassessors.com\/es\/fiscalidad\/","name":"Fiscalidad - Madrazo Assessors","isPartOf":{"@id":"https:\/\/madrazoassessors.com\/#website"},"datePublished":"2023-03-24T13:51:20+00:00","dateModified":"2023-04-25T11:46:28+00:00","description":"Oferim una amplia gama de serveis en assessorament fiscal i estem en constant actualitzaci\u00f3 dels canvis m\u00e9s recents en mat\u00e8ria tribut\u00e0ria.","inLanguage":"es","potentialAction":[{"@type":"ReadAction","target":["https:\/\/madrazoassessors.com\/es\/fiscalidad\/"]}]},{"@type":"WebSite","@id":"https:\/\/madrazoassessors.com\/#website","url":"https:\/\/madrazoassessors.com\/","name":"Madrazo Assessors","description":"Assessorament i Gesti\u00f3 Empresarial","publisher":{"@id":"https:\/\/madrazoassessors.com\/#organization"},"potentialAction":[{"@type":"SearchAction","target":{"@type":"EntryPoint","urlTemplate":"https:\/\/madrazoassessors.com\/?s={search_term_string}"},"query-input":"required name=search_term_string"}],"inLanguage":"es"},{"@type":"Organization","@id":"https:\/\/madrazoassessors.com\/#organization","name":"Madrazo Assessors","url":"https:\/\/madrazoassessors.com\/","logo":{"@type":"ImageObject","inLanguage":"es","@id":"https:\/\/madrazoassessors.com\/#\/schema\/logo\/image\/","url":"https:\/\/madrazoassessors.com\/wp-content\/uploads\/2023\/10\/LogoMadrazoMedium.png","contentUrl":"https:\/\/madrazoassessors.com\/wp-content\/uploads\/2023\/10\/LogoMadrazoMedium.png","width":450,"height":48,"caption":"Madrazo Assessors"},"image":{"@id":"https:\/\/madrazoassessors.com\/#\/schema\/logo\/image\/"}}]}},"_links":{"self":[{"href":"https:\/\/madrazoassessors.com\/es\/wp-json\/wp\/v2\/pages\/988275","targetHints":{"allow":["GET"]}}],"collection":[{"href":"https:\/\/madrazoassessors.com\/es\/wp-json\/wp\/v2\/pages"}],"about":[{"href":"https:\/\/madrazoassessors.com\/es\/wp-json\/wp\/v2\/types\/page"}],"author":[{"embeddable":true,"href":"https:\/\/madrazoassessors.com\/es\/wp-json\/wp\/v2\/users\/1"}],"replies":[{"embeddable":true,"href":"https:\/\/madrazoassessors.com\/es\/wp-json\/wp\/v2\/comments?post=988275"}],"version-history":[{"count":2,"href":"https:\/\/madrazoassessors.com\/es\/wp-json\/wp\/v2\/pages\/988275\/revisions"}],"predecessor-version":[{"id":988277,"href":"https:\/\/madrazoassessors.com\/es\/wp-json\/wp\/v2\/pages\/988275\/revisions\/988277"}],"wp:attachment":[{"href":"https:\/\/madrazoassessors.com\/es\/wp-json\/wp\/v2\/media?parent=988275"}],"curies":[{"name":"wp","href":"https:\/\/api.w.org\/{rel}","templated":true}]}}