{"id":988292,"date":"2023-03-27T12:36:19","date_gmt":"2023-03-27T10:36:19","guid":{"rendered":"https:\/\/madrazoassessors.com\/pla-de-viabilitat\/"},"modified":"2023-04-24T13:06:40","modified_gmt":"2023-04-24T11:06:40","slug":"plan-de-viabilidad","status":"publish","type":"page","link":"https:\/\/madrazoassessors.com\/es\/plan-de-viabilidad\/","title":{"rendered":"Plan de viabilidad"},"content":{"rendered":"\t\t<div class=\"sep-text single centered\">\n\t\t\t\t\t\t\t<span class=\"sep-text-before\"><div class=\"sep-text-line\"><\/div><\/span>\n\t\t\t\t\t\t<div class=\"content\">\n\t\t\t\t\n<h2 style=\"text-align: center;\">Estudio y confecci\u00f3n de un plan de viabilidad financiero<\/h2>\n\t\t\t<\/div>\n\t\t\t<span class=\"sep-text-after\"><div class=\"sep-text-line\"><\/div><\/span>\n\t\t\t\t\t<\/div>\n\t\n<div class=\"row \"><div class=\"wpv-grid grid-1-5  wpv-first-level first unextended\" style=\"padding-top:0px;padding-bottom:0px\" id=\"wpv-column-f9cb42ff101a57350442a983286579a7\" ><div class=\"push\" style='height:4px'><\/div><\/div>\n<div class=\"wpv-grid grid-3-5  wpv-first-level unextended\" style=\"padding-top:0px;padding-bottom:0px\" id=\"wpv-column-9c230d82bde7225d1eb58cedf53fe769\" ><p>A fin de valorar de forma coherente <strong>tu proyecto<\/strong> empresarial y <strong>aumentar sus posibilidades de \u00e9xito<\/strong>, as\u00ed como mejorar la presentaci\u00f3n de su proyecto para terceros. El plan de empresa permite obtener informaci\u00f3n respecto a la estrategia, acciones y recursos que su proyecto empresarial necesita para elevar sus posibilidades objetivas de \u00e9xito y para conocer la viabilidad de su negocio y su rentabilidad econ\u00f3mica potencial.<\/p>\n<p>Nuestros servicios son:<\/div>\n<div class=\"wpv-grid grid-1-5  wpv-first-level unextended\" style=\"padding-top:0px;padding-bottom:0px\" id=\"wpv-column-3742758867a3c1f8e70aa401c619f055\" ><div class=\"push\" style='height:4px'><\/div><\/div><\/div>\n<div class=\"row \"><div class=\"wpv-grid grid-1-3  wpv-first-level first unextended\" style=\"padding-top:0px;padding-bottom:0px\" id=\"wpv-column-d795ac43c09db864b4e14b268759efa0\" ><div class=\"row \"><div class=\"wpv-grid grid-1-1  first unextended\" style=\"padding-top:0px;padding-bottom:0px\" id=\"wpv-column-75eb9ac42916390913acf20759638b79\" ><div class=\"services clearfix fullimage no-image has-icon no-button \" style=\"text-align:left;\">\r\n\t<div class=\"services-inside\">\r\n\t\t\t\t\t\t\t\t\t<div class=\"thumbnail\">\r\n\t\t\t\t\t\t\t\t\t\t\t\t\t\t\t\t\t\t<span class='icon shortcode   use-hover' style='font-size:62px !important;color:#CCA876;'>&#57691;<\/span>\t\t\t\t\t\t\t\t\t\t\t\t\t\t\t<\/div>\r\n\t\t\t\t\t\t\t\t\t<div class=\"sep-2\"><\/div>\r\n\t\t\t\t\t\t\t\t\t\t\t\t\t\t\t\t<div class=\"services-content\">\n<h3>Definici\u00f3n del concepto, l\u00edmites y plazos de la planificaci\u00f3n financiera<\/h3>\n<\/div>\r\n\t\t\t\t\t<\/div>\r\n<\/div>\r\n<\/div><\/div><\/div>\n<div class=\"wpv-grid grid-1-3  wpv-first-level unextended\" style=\"padding-top:0px;padding-bottom:0px\" id=\"wpv-column-c57d7596134ac2e35bc49d8d193be300\" ><div class=\"row \"><div class=\"wpv-grid grid-1-1  first unextended\" style=\"padding-top:0px;padding-bottom:0px\" id=\"wpv-column-5a2de879ecde7028e19e2fbc88b1d13e\" ><div class=\"services clearfix fullimage no-image has-icon no-button \" style=\"text-align:left;\">\r\n\t<div class=\"services-inside\">\r\n\t\t\t\t\t\t\t\t\t<div class=\"thumbnail\">\r\n\t\t\t\t\t\t\t\t\t\t\t\t\t\t\t\t\t\t<span class='icon shortcode   use-hover' style='font-size:62px !important;color:#CCA876;'>&#57685;<\/span>\t\t\t\t\t\t\t\t\t\t\t\t\t\t\t<\/div>\r\n\t\t\t\t\t\t\t\t\t<div class=\"sep-2\"><\/div>\r\n\t\t\t\t\t\t\t\t\t\t\t\t\t\t\t\t<div class=\"services-content\">\n<h3>Estudio del \u00e1mbito econ\u00f3mico. An\u00e1lisis del entorno gen\u00e9rico y del entorno espec\u00edfico<\/h3>\n<\/div>\r\n\t\t\t\t\t<\/div>\r\n<\/div>\r\n<\/div><\/div><\/div>\n<div class=\"wpv-grid grid-1-3  wpv-first-level unextended\" style=\"padding-top:0px;padding-bottom:0px\" id=\"wpv-column-e78310a85c3f83b8b8c3e48b23c16d2a\" ><div class=\"row \"><div class=\"wpv-grid grid-1-1  first unextended\" style=\"padding-top:0px;padding-bottom:0px\" id=\"wpv-column-6158e741940a454f259cd17889057c22\" ><div class=\"services clearfix fullimage no-image has-icon no-button \" style=\"text-align:left;\">\r\n\t<div class=\"services-inside\">\r\n\t\t\t\t\t\t\t\t\t<div class=\"thumbnail\">\r\n\t\t\t\t\t\t\t\t\t\t\t\t\t\t\t\t\t\t<span class='icon shortcode   use-hover' style='font-size:62px !important;color:#CCA876;'>&#57695;<\/span>\t\t\t\t\t\t\t\t\t\t\t\t\t\t\t<\/div>\r\n\t\t\t\t\t\t\t\t\t<div class=\"sep-2\"><\/div>\r\n\t\t\t\t\t\t\t\t\t\t\t\t\t\t\t\t<div class=\"services-content\">\n<h3>Estudio del \u00e1mbito financiero<\/h3>\n<\/div>\r\n\t\t\t\t\t<\/div>\r\n<\/div>\r\n<\/div><\/div><\/div><\/div>\n","protected":false},"excerpt":{"rendered":"<p>A fin de valorar de forma coherente tu proyecto empresarial y aumentar sus posibilidades de \u00e9xito, as\u00ed como mejorar la presentaci\u00f3n de su proyecto para terceros. El plan de empresa permite obtener informaci\u00f3n respecto a la estrategia, acciones y recursos que su proyecto empresarial necesita para elevar sus posibilidades objetivas de \u00e9xito y para conocer&#8230;<\/p>\n","protected":false},"author":1,"featured_media":0,"parent":0,"menu_order":0,"comment_status":"closed","ping_status":"closed","template":"","meta":{"footnotes":""},"class_list":["post-988292","page","type-page","status-publish","hentry"],"yoast_head":"<!-- This site is optimized with the Yoast SEO plugin v20.5 - https:\/\/yoast.com\/wordpress\/plugins\/seo\/ -->\n<title>Plan de viabilidad - Madrazo Assessors<\/title>\n<meta name=\"description\" content=\"Estudi i confecci\u00f3 d\u2019un pla de viabilitat financer, per tal de valorar de forma coherent el teu projecte empresarial i augmentar les seves possibilitats d\u2019\u00e8xit.\" \/>\n<meta name=\"robots\" content=\"index, follow, max-snippet:-1, max-image-preview:large, max-video-preview:-1\" \/>\n<link rel=\"canonical\" href=\"https:\/\/madrazoassessors.com\/es\/plan-de-viabilidad\/\" \/>\n<meta property=\"og:locale\" content=\"es_ES\" \/>\n<meta property=\"og:type\" content=\"article\" \/>\n<meta property=\"og:title\" content=\"Plan de viabilidad - Madrazo Assessors\" \/>\n<meta property=\"og:description\" content=\"Estudi i confecci\u00f3 d\u2019un pla de viabilitat financer, per tal de valorar de forma coherent el teu projecte empresarial i augmentar les seves possibilitats d\u2019\u00e8xit.\" \/>\n<meta property=\"og:url\" content=\"https:\/\/madrazoassessors.com\/es\/plan-de-viabilidad\/\" \/>\n<meta property=\"og:site_name\" content=\"Madrazo Assessors\" \/>\n<meta property=\"article:modified_time\" content=\"2023-04-24T11:06:40+00:00\" \/>\n<meta name=\"twitter:card\" content=\"summary_large_image\" \/>\n<meta name=\"twitter:label1\" content=\"Tiempo de lectura\" \/>\n\t<meta name=\"twitter:data1\" content=\"2 minutos\" \/>\n<script type=\"application\/ld+json\" class=\"yoast-schema-graph\">{\"@context\":\"https:\/\/schema.org\",\"@graph\":[{\"@type\":\"WebPage\",\"@id\":\"https:\/\/madrazoassessors.com\/es\/plan-de-viabilidad\/\",\"url\":\"https:\/\/madrazoassessors.com\/es\/plan-de-viabilidad\/\",\"name\":\"Plan de viabilidad - Madrazo Assessors\",\"isPartOf\":{\"@id\":\"https:\/\/madrazoassessors.com\/#website\"},\"datePublished\":\"2023-03-27T10:36:19+00:00\",\"dateModified\":\"2023-04-24T11:06:40+00:00\",\"description\":\"Estudi i confecci\u00f3 d\u2019un pla de viabilitat financer, per tal de valorar de forma coherent el teu projecte empresarial i augmentar les seves possibilitats d\u2019\u00e8xit.\",\"inLanguage\":\"es\",\"potentialAction\":[{\"@type\":\"ReadAction\",\"target\":[\"https:\/\/madrazoassessors.com\/es\/plan-de-viabilidad\/\"]}]},{\"@type\":\"WebSite\",\"@id\":\"https:\/\/madrazoassessors.com\/#website\",\"url\":\"https:\/\/madrazoassessors.com\/\",\"name\":\"Madrazo Assessors\",\"description\":\"Assessorament i Gesti\u00f3 Empresarial\",\"publisher\":{\"@id\":\"https:\/\/madrazoassessors.com\/#organization\"},\"potentialAction\":[{\"@type\":\"SearchAction\",\"target\":{\"@type\":\"EntryPoint\",\"urlTemplate\":\"https:\/\/madrazoassessors.com\/?s={search_term_string}\"},\"query-input\":\"required name=search_term_string\"}],\"inLanguage\":\"es\"},{\"@type\":\"Organization\",\"@id\":\"https:\/\/madrazoassessors.com\/#organization\",\"name\":\"Madrazo Assessors\",\"url\":\"https:\/\/madrazoassessors.com\/\",\"logo\":{\"@type\":\"ImageObject\",\"inLanguage\":\"es\",\"@id\":\"https:\/\/madrazoassessors.com\/#\/schema\/logo\/image\/\",\"url\":\"https:\/\/madrazoassessors.com\/wp-content\/uploads\/2023\/10\/LogoMadrazoMedium.png\",\"contentUrl\":\"https:\/\/madrazoassessors.com\/wp-content\/uploads\/2023\/10\/LogoMadrazoMedium.png\",\"width\":450,\"height\":48,\"caption\":\"Madrazo Assessors\"},\"image\":{\"@id\":\"https:\/\/madrazoassessors.com\/#\/schema\/logo\/image\/\"}}]}<\/script>\n<!-- \/ Yoast SEO plugin. -->","yoast_head_json":{"title":"Plan de viabilidad - Madrazo Assessors","description":"Estudi i confecci\u00f3 d\u2019un pla de viabilitat financer, per tal de valorar de forma coherent el teu projecte empresarial i augmentar les seves possibilitats d\u2019\u00e8xit.","robots":{"index":"index","follow":"follow","max-snippet":"max-snippet:-1","max-image-preview":"max-image-preview:large","max-video-preview":"max-video-preview:-1"},"canonical":"https:\/\/madrazoassessors.com\/es\/plan-de-viabilidad\/","og_locale":"es_ES","og_type":"article","og_title":"Plan de viabilidad - Madrazo Assessors","og_description":"Estudi i confecci\u00f3 d\u2019un pla de viabilitat financer, per tal de valorar de forma coherent el teu projecte empresarial i augmentar les seves possibilitats d\u2019\u00e8xit.","og_url":"https:\/\/madrazoassessors.com\/es\/plan-de-viabilidad\/","og_site_name":"Madrazo Assessors","article_modified_time":"2023-04-24T11:06:40+00:00","twitter_card":"summary_large_image","twitter_misc":{"Tiempo de lectura":"2 minutos"},"schema":{"@context":"https:\/\/schema.org","@graph":[{"@type":"WebPage","@id":"https:\/\/madrazoassessors.com\/es\/plan-de-viabilidad\/","url":"https:\/\/madrazoassessors.com\/es\/plan-de-viabilidad\/","name":"Plan de viabilidad - Madrazo Assessors","isPartOf":{"@id":"https:\/\/madrazoassessors.com\/#website"},"datePublished":"2023-03-27T10:36:19+00:00","dateModified":"2023-04-24T11:06:40+00:00","description":"Estudi i confecci\u00f3 d\u2019un pla de viabilitat financer, per tal de valorar de forma coherent el teu projecte empresarial i augmentar les seves possibilitats d\u2019\u00e8xit.","inLanguage":"es","potentialAction":[{"@type":"ReadAction","target":["https:\/\/madrazoassessors.com\/es\/plan-de-viabilidad\/"]}]},{"@type":"WebSite","@id":"https:\/\/madrazoassessors.com\/#website","url":"https:\/\/madrazoassessors.com\/","name":"Madrazo Assessors","description":"Assessorament i Gesti\u00f3 Empresarial","publisher":{"@id":"https:\/\/madrazoassessors.com\/#organization"},"potentialAction":[{"@type":"SearchAction","target":{"@type":"EntryPoint","urlTemplate":"https:\/\/madrazoassessors.com\/?s={search_term_string}"},"query-input":"required name=search_term_string"}],"inLanguage":"es"},{"@type":"Organization","@id":"https:\/\/madrazoassessors.com\/#organization","name":"Madrazo Assessors","url":"https:\/\/madrazoassessors.com\/","logo":{"@type":"ImageObject","inLanguage":"es","@id":"https:\/\/madrazoassessors.com\/#\/schema\/logo\/image\/","url":"https:\/\/madrazoassessors.com\/wp-content\/uploads\/2023\/10\/LogoMadrazoMedium.png","contentUrl":"https:\/\/madrazoassessors.com\/wp-content\/uploads\/2023\/10\/LogoMadrazoMedium.png","width":450,"height":48,"caption":"Madrazo Assessors"},"image":{"@id":"https:\/\/madrazoassessors.com\/#\/schema\/logo\/image\/"}}]}},"_links":{"self":[{"href":"https:\/\/madrazoassessors.com\/es\/wp-json\/wp\/v2\/pages\/988292","targetHints":{"allow":["GET"]}}],"collection":[{"href":"https:\/\/madrazoassessors.com\/es\/wp-json\/wp\/v2\/pages"}],"about":[{"href":"https:\/\/madrazoassessors.com\/es\/wp-json\/wp\/v2\/types\/page"}],"author":[{"embeddable":true,"href":"https:\/\/madrazoassessors.com\/es\/wp-json\/wp\/v2\/users\/1"}],"replies":[{"embeddable":true,"href":"https:\/\/madrazoassessors.com\/es\/wp-json\/wp\/v2\/comments?post=988292"}],"version-history":[{"count":2,"href":"https:\/\/madrazoassessors.com\/es\/wp-json\/wp\/v2\/pages\/988292\/revisions"}],"predecessor-version":[{"id":988303,"href":"https:\/\/madrazoassessors.com\/es\/wp-json\/wp\/v2\/pages\/988292\/revisions\/988303"}],"wp:attachment":[{"href":"https:\/\/madrazoassessors.com\/es\/wp-json\/wp\/v2\/media?parent=988292"}],"curies":[{"name":"wp","href":"https:\/\/api.w.org\/{rel}","templated":true}]}}