{"id":988309,"date":"2023-03-27T12:50:04","date_gmt":"2023-03-27T10:50:04","guid":{"rendered":"https:\/\/madrazoassessors.com\/estudi-de-rendibilitat\/"},"modified":"2023-04-24T13:24:44","modified_gmt":"2023-04-24T11:24:44","slug":"estudio-de-rentabilidad","status":"publish","type":"page","link":"https:\/\/madrazoassessors.com\/es\/estudio-de-rentabilidad\/","title":{"rendered":"Estudio de Rentabilidad"},"content":{"rendered":"\t\t<div class=\"sep-text single centered\">\n\t\t\t\t\t\t\t<span class=\"sep-text-before\"><div class=\"sep-text-line\"><\/div><\/span>\n\t\t\t\t\t\t<div class=\"content\">\n\t\t\t\t\n<h2 style=\"text-align: center;\">Valoraci\u00f3n y an\u00e1lisis de los activos empresariales<\/h2>\n\t\t\t<\/div>\n\t\t\t<span class=\"sep-text-after\"><div class=\"sep-text-line\"><\/div><\/span>\n\t\t\t\t\t<\/div>\n\t\n<div class=\"row \"><div class=\"wpv-grid grid-1-5  wpv-first-level first unextended\" style=\"padding-top:0px;padding-bottom:0px\" id=\"wpv-column-dd0de19b4c6f81e83ae93780591108c9\" ><div class=\"push\" style='height:4px'><\/div><\/div>\n<div class=\"wpv-grid grid-3-5  wpv-first-level unextended\" style=\"padding-top:0px;padding-bottom:0px\" id=\"wpv-column-af6574fe07437b009f9d32c20fe354fb\" ><p>El estudio de la rentabilidad empresarial nos permite realizar una valoraci\u00f3n exhaustiva de los beneficios econ\u00f3micos y financieros de la empresa seg\u00fan las inversiones realizadas y los recursos propios de los que dispone el negocio empresarial. El an\u00e1lisis de la rentabilidad nos indica si la actividad de la empresa es eficiente en la gesti\u00f3n de tus activos, tus recursos y apalancamiento.<\/p>\n<p>Nuestros servicios son:<\/div>\n<div class=\"wpv-grid grid-1-5  wpv-first-level unextended\" style=\"padding-top:0px;padding-bottom:0px\" id=\"wpv-column-c85929be4b7272db83a426e44ff8a40d\" ><div class=\"push\" style='height:4px'><\/div><\/div><\/div>\n<div class=\"row \"><div class=\"wpv-grid grid-1-3  wpv-first-level first unextended\" style=\"padding-top:0px;padding-bottom:0px\" id=\"wpv-column-6affb301a129b95164435659ef2b273e\" ><div class=\"row \"><div class=\"wpv-grid grid-1-1  first unextended\" style=\"padding-top:0px;padding-bottom:0px\" id=\"wpv-column-e60ad394abb6d6f9d63406aac1063f10\" ><div class=\"services clearfix fullimage no-image has-icon no-button \" style=\"text-align:left;\">\r\n\t<div class=\"services-inside\">\r\n\t\t\t\t\t\t\t\t\t<div class=\"thumbnail\">\r\n\t\t\t\t\t\t\t\t\t\t\t\t\t\t\t\t\t\t<span class='icon shortcode   use-hover' style='font-size:62px !important;color:#CCA876;'>&#57685;<\/span>\t\t\t\t\t\t\t\t\t\t\t\t\t\t\t<\/div>\r\n\t\t\t\t\t\t\t\t\t<div class=\"sep-2\"><\/div>\r\n\t\t\t\t\t\t\t\t\t\t\t\t\t\t\t\t<div class=\"services-content\">\n<h3>Estudio de la Cuenta de Resultados y de los M\u00e1rgenes operativos<\/h3>\n<\/div>\r\n\t\t\t\t\t<\/div>\r\n<\/div>\r\n<\/div><\/div><\/div>\n<div class=\"wpv-grid grid-1-3  wpv-first-level unextended\" style=\"padding-top:0px;padding-bottom:0px\" id=\"wpv-column-f5dbc9e411c392c132a251d650771b1d\" ><div class=\"row \"><div class=\"wpv-grid grid-1-1  first unextended\" style=\"padding-top:0px;padding-bottom:0px\" id=\"wpv-column-60d08516689b531f5b677ba03119724f\" ><div class=\"services clearfix fullimage no-image has-icon no-button \" style=\"text-align:left;\">\r\n\t<div class=\"services-inside\">\r\n\t\t\t\t\t\t\t\t\t<div class=\"thumbnail\">\r\n\t\t\t\t\t\t\t\t\t\t\t\t\t\t\t\t\t\t<span class='icon shortcode   use-hover' style='font-size:62px !important;color:#CCA876;'>&#57693;<\/span>\t\t\t\t\t\t\t\t\t\t\t\t\t\t\t<\/div>\r\n\t\t\t\t\t\t\t\t\t<div class=\"sep-2\"><\/div>\r\n\t\t\t\t\t\t\t\t\t\t\t\t\t\t\t\t<div class=\"services-content\">\n<h3>Margen comercial. Estudio de ratios. Comparativa con per\u00edodos anteriores<\/h3>\n<\/div>\r\n\t\t\t\t\t<\/div>\r\n<\/div>\r\n<\/div><\/div><\/div>\n<div class=\"wpv-grid grid-1-3  wpv-first-level unextended\" style=\"padding-top:0px;padding-bottom:0px\" id=\"wpv-column-ee258566415105a5d50bfac2d5fd8ffe\" ><div class=\"row \"><div class=\"wpv-grid grid-1-1  first unextended\" style=\"padding-top:0px;padding-bottom:0px\" id=\"wpv-column-fc328fa1bfe138fbfdb09c84bd5a8701\" ><div class=\"services clearfix fullimage no-image has-icon no-button \" style=\"text-align:left;\">\r\n\t<div class=\"services-inside\">\r\n\t\t\t\t\t\t\t\t\t<div class=\"thumbnail\">\r\n\t\t\t\t\t\t\t\t\t\t\t\t\t\t\t\t\t\t<span class='icon shortcode   use-hover' style='font-size:62px !important;color:#CCA876;'>&#57487;<\/span>\t\t\t\t\t\t\t\t\t\t\t\t\t\t\t<\/div>\r\n\t\t\t\t\t\t\t\t\t<div class=\"sep-2\"><\/div>\r\n\t\t\t\t\t\t\t\t\t\t\t\t\t\t\t\t<div class=\"services-content\">\n<h3>C\u00e1lculo de la estructura de Deuda y Fondos propios<\/h3>\n<\/div>\r\n\t\t\t\t\t<\/div>\r\n<\/div>\r\n<\/div><\/div><\/div><\/div>\n<div class=\"row \"><div class=\"wpv-grid grid-1-3  wpv-first-level first unextended\" style=\"padding-top:0px;padding-bottom:0px\" id=\"wpv-column-9ca6db66edd0113ac862a9f057af784c\" ><div class=\"row \"><div class=\"wpv-grid grid-1-1  first unextended\" style=\"padding-top:0px;padding-bottom:0px\" id=\"wpv-column-19679947c7c9f49f6a4008311c8fa495\" ><div class=\"services clearfix fullimage no-image has-icon no-button \" style=\"text-align:left;\">\r\n\t<div class=\"services-inside\">\r\n\t\t\t\t\t\t\t\t\t<div class=\"thumbnail\">\r\n\t\t\t\t\t\t\t\t\t\t\t\t\t\t\t\t\t\t<span class='icon shortcode   use-hover' style='font-size:62px !important;color:#CCA876;'>&#57690;<\/span>\t\t\t\t\t\t\t\t\t\t\t\t\t\t\t<\/div>\r\n\t\t\t\t\t\t\t\t\t<div class=\"sep-2\"><\/div>\r\n\t\t\t\t\t\t\t\t\t\t\t\t\t\t\t\t<div class=\"services-content\">\n<h3>An\u00e1lisis de EBITDA y del beneficio Neto<\/h3>\n<\/div>\r\n\t\t\t\t\t<\/div>\r\n<\/div>\r\n<\/div><\/div><\/div>\n<div class=\"wpv-grid grid-1-3  wpv-first-level unextended\" style=\"padding-top:0px;padding-bottom:0px\" id=\"wpv-column-f6e03dfbfa9a285ba5169d3eb51cb4fe\" ><div class=\"row \"><div class=\"wpv-grid grid-1-1  first unextended\" style=\"padding-top:0px;padding-bottom:0px\" id=\"wpv-column-7588963f538c04f8dc2fd39cd8ea28ed\" ><div class=\"services clearfix fullimage no-image has-icon no-button \" style=\"text-align:left;\">\r\n\t<div class=\"services-inside\">\r\n\t\t\t\t\t\t\t\t\t<div class=\"thumbnail\">\r\n\t\t\t\t\t\t\t\t\t\t\t\t\t\t\t\t\t\t<span class='icon shortcode   use-hover' style='font-size:62px !important;color:#CCA876;'>&#57689;<\/span>\t\t\t\t\t\t\t\t\t\t\t\t\t\t\t<\/div>\r\n\t\t\t\t\t\t\t\t\t<div class=\"sep-2\"><\/div>\r\n\t\t\t\t\t\t\t\t\t\t\t\t\t\t\t\t<div class=\"services-content\">\n<h3>An\u00e1lisis de estados financieros<\/h3>\n<\/div>\r\n\t\t\t\t\t<\/div>\r\n<\/div>\r\n<\/div><\/div><\/div>\n<div class=\"wpv-grid grid-1-3  wpv-first-level unextended\" style=\"padding-top:0px;padding-bottom:0px\" id=\"wpv-column-074720afcefd9c2828453db1e4b3bbc5\" ><div class=\"row \"><div class=\"wpv-grid grid-1-1  first unextended\" style=\"padding-top:0px;padding-bottom:0px\" id=\"wpv-column-55cc7e71f53471659d986efa20847084\" ><div class=\"services clearfix fullimage no-image has-icon no-button \" style=\"text-align:left;\">\r\n\t<div class=\"services-inside\">\r\n\t\t\t\t\t\t\t\t\t<div class=\"thumbnail\">\r\n\t\t\t\t\t\t\t\t\t\t\t\t\t\t\t\t\t\t<span class='icon shortcode   use-hover' style='font-size:62px !important;color:#CCA876;'>&#57488;<\/span>\t\t\t\t\t\t\t\t\t\t\t\t\t\t\t<\/div>\r\n\t\t\t\t\t\t\t\t\t<div class=\"sep-2\"><\/div>\r\n\t\t\t\t\t\t\t\t\t\t\t\t\t\t\t\t<div class=\"services-content\">\n<h3>C\u00e1lculo del ROI y del ROE<\/h3>\n<\/div>\r\n\t\t\t\t\t<\/div>\r\n<\/div>\r\n<\/div><\/div><\/div><\/div>\n","protected":false},"excerpt":{"rendered":"<p>El estudio de la rentabilidad empresarial nos permite realizar una valoraci\u00f3n exhaustiva de los beneficios econ\u00f3micos y financieros de la empresa seg\u00fan las inversiones realizadas y los recursos propios de los que dispone el negocio empresarial. El an\u00e1lisis de la rentabilidad nos indica si la actividad de la empresa es eficiente en la gesti\u00f3n de&#8230;<\/p>\n","protected":false},"author":1,"featured_media":0,"parent":0,"menu_order":0,"comment_status":"closed","ping_status":"closed","template":"","meta":{"footnotes":""},"class_list":["post-988309","page","type-page","status-publish","hentry"],"yoast_head":"<!-- This site is optimized with the Yoast SEO plugin v20.5 - https:\/\/yoast.com\/wordpress\/plugins\/seo\/ -->\n<title>Estudio de Rentabilidad - Madrazo Assessors<\/title>\n<meta name=\"description\" content=\"L\u2019an\u00e0lisi de la rendibilitat ens indica si l\u2019activitat de l\u2019empresa \u00e9s eficient en la gesti\u00f3 dels teus actius, dels teus recursos i del seu apalancament.\" \/>\n<meta name=\"robots\" content=\"index, follow, max-snippet:-1, max-image-preview:large, max-video-preview:-1\" \/>\n<link rel=\"canonical\" href=\"https:\/\/madrazoassessors.com\/es\/estudio-de-rentabilidad\/\" \/>\n<meta property=\"og:locale\" content=\"es_ES\" \/>\n<meta property=\"og:type\" content=\"article\" \/>\n<meta property=\"og:title\" content=\"Estudio de Rentabilidad - Madrazo Assessors\" \/>\n<meta property=\"og:description\" content=\"L\u2019an\u00e0lisi de la rendibilitat ens indica si l\u2019activitat de l\u2019empresa \u00e9s eficient en la gesti\u00f3 dels teus actius, dels teus recursos i del seu apalancament.\" \/>\n<meta property=\"og:url\" content=\"https:\/\/madrazoassessors.com\/es\/estudio-de-rentabilidad\/\" \/>\n<meta property=\"og:site_name\" content=\"Madrazo Assessors\" \/>\n<meta property=\"article:modified_time\" content=\"2023-04-24T11:24:44+00:00\" \/>\n<meta name=\"twitter:card\" content=\"summary_large_image\" \/>\n<meta name=\"twitter:label1\" content=\"Tiempo de lectura\" \/>\n\t<meta name=\"twitter:data1\" content=\"3 minutos\" \/>\n<script type=\"application\/ld+json\" class=\"yoast-schema-graph\">{\"@context\":\"https:\/\/schema.org\",\"@graph\":[{\"@type\":\"WebPage\",\"@id\":\"https:\/\/madrazoassessors.com\/es\/estudio-de-rentabilidad\/\",\"url\":\"https:\/\/madrazoassessors.com\/es\/estudio-de-rentabilidad\/\",\"name\":\"Estudio de Rentabilidad - Madrazo Assessors\",\"isPartOf\":{\"@id\":\"https:\/\/madrazoassessors.com\/#website\"},\"datePublished\":\"2023-03-27T10:50:04+00:00\",\"dateModified\":\"2023-04-24T11:24:44+00:00\",\"description\":\"L\u2019an\u00e0lisi de la rendibilitat ens indica si l\u2019activitat de l\u2019empresa \u00e9s eficient en la gesti\u00f3 dels teus actius, dels teus recursos i del seu apalancament.\",\"inLanguage\":\"es\",\"potentialAction\":[{\"@type\":\"ReadAction\",\"target\":[\"https:\/\/madrazoassessors.com\/es\/estudio-de-rentabilidad\/\"]}]},{\"@type\":\"WebSite\",\"@id\":\"https:\/\/madrazoassessors.com\/#website\",\"url\":\"https:\/\/madrazoassessors.com\/\",\"name\":\"Madrazo Assessors\",\"description\":\"Assessorament i Gesti\u00f3 Empresarial\",\"publisher\":{\"@id\":\"https:\/\/madrazoassessors.com\/#organization\"},\"potentialAction\":[{\"@type\":\"SearchAction\",\"target\":{\"@type\":\"EntryPoint\",\"urlTemplate\":\"https:\/\/madrazoassessors.com\/?s={search_term_string}\"},\"query-input\":\"required name=search_term_string\"}],\"inLanguage\":\"es\"},{\"@type\":\"Organization\",\"@id\":\"https:\/\/madrazoassessors.com\/#organization\",\"name\":\"Madrazo Assessors\",\"url\":\"https:\/\/madrazoassessors.com\/\",\"logo\":{\"@type\":\"ImageObject\",\"inLanguage\":\"es\",\"@id\":\"https:\/\/madrazoassessors.com\/#\/schema\/logo\/image\/\",\"url\":\"https:\/\/madrazoassessors.com\/wp-content\/uploads\/2023\/10\/LogoMadrazoMedium.png\",\"contentUrl\":\"https:\/\/madrazoassessors.com\/wp-content\/uploads\/2023\/10\/LogoMadrazoMedium.png\",\"width\":450,\"height\":48,\"caption\":\"Madrazo Assessors\"},\"image\":{\"@id\":\"https:\/\/madrazoassessors.com\/#\/schema\/logo\/image\/\"}}]}<\/script>\n<!-- \/ Yoast SEO plugin. -->","yoast_head_json":{"title":"Estudio de Rentabilidad - Madrazo Assessors","description":"L\u2019an\u00e0lisi de la rendibilitat ens indica si l\u2019activitat de l\u2019empresa \u00e9s eficient en la gesti\u00f3 dels teus actius, dels teus recursos i del seu apalancament.","robots":{"index":"index","follow":"follow","max-snippet":"max-snippet:-1","max-image-preview":"max-image-preview:large","max-video-preview":"max-video-preview:-1"},"canonical":"https:\/\/madrazoassessors.com\/es\/estudio-de-rentabilidad\/","og_locale":"es_ES","og_type":"article","og_title":"Estudio de Rentabilidad - Madrazo Assessors","og_description":"L\u2019an\u00e0lisi de la rendibilitat ens indica si l\u2019activitat de l\u2019empresa \u00e9s eficient en la gesti\u00f3 dels teus actius, dels teus recursos i del seu apalancament.","og_url":"https:\/\/madrazoassessors.com\/es\/estudio-de-rentabilidad\/","og_site_name":"Madrazo Assessors","article_modified_time":"2023-04-24T11:24:44+00:00","twitter_card":"summary_large_image","twitter_misc":{"Tiempo de lectura":"3 minutos"},"schema":{"@context":"https:\/\/schema.org","@graph":[{"@type":"WebPage","@id":"https:\/\/madrazoassessors.com\/es\/estudio-de-rentabilidad\/","url":"https:\/\/madrazoassessors.com\/es\/estudio-de-rentabilidad\/","name":"Estudio de Rentabilidad - Madrazo Assessors","isPartOf":{"@id":"https:\/\/madrazoassessors.com\/#website"},"datePublished":"2023-03-27T10:50:04+00:00","dateModified":"2023-04-24T11:24:44+00:00","description":"L\u2019an\u00e0lisi de la rendibilitat ens indica si l\u2019activitat de l\u2019empresa \u00e9s eficient en la gesti\u00f3 dels teus actius, dels teus recursos i del seu apalancament.","inLanguage":"es","potentialAction":[{"@type":"ReadAction","target":["https:\/\/madrazoassessors.com\/es\/estudio-de-rentabilidad\/"]}]},{"@type":"WebSite","@id":"https:\/\/madrazoassessors.com\/#website","url":"https:\/\/madrazoassessors.com\/","name":"Madrazo Assessors","description":"Assessorament i Gesti\u00f3 Empresarial","publisher":{"@id":"https:\/\/madrazoassessors.com\/#organization"},"potentialAction":[{"@type":"SearchAction","target":{"@type":"EntryPoint","urlTemplate":"https:\/\/madrazoassessors.com\/?s={search_term_string}"},"query-input":"required name=search_term_string"}],"inLanguage":"es"},{"@type":"Organization","@id":"https:\/\/madrazoassessors.com\/#organization","name":"Madrazo Assessors","url":"https:\/\/madrazoassessors.com\/","logo":{"@type":"ImageObject","inLanguage":"es","@id":"https:\/\/madrazoassessors.com\/#\/schema\/logo\/image\/","url":"https:\/\/madrazoassessors.com\/wp-content\/uploads\/2023\/10\/LogoMadrazoMedium.png","contentUrl":"https:\/\/madrazoassessors.com\/wp-content\/uploads\/2023\/10\/LogoMadrazoMedium.png","width":450,"height":48,"caption":"Madrazo Assessors"},"image":{"@id":"https:\/\/madrazoassessors.com\/#\/schema\/logo\/image\/"}}]}},"_links":{"self":[{"href":"https:\/\/madrazoassessors.com\/es\/wp-json\/wp\/v2\/pages\/988309","targetHints":{"allow":["GET"]}}],"collection":[{"href":"https:\/\/madrazoassessors.com\/es\/wp-json\/wp\/v2\/pages"}],"about":[{"href":"https:\/\/madrazoassessors.com\/es\/wp-json\/wp\/v2\/types\/page"}],"author":[{"embeddable":true,"href":"https:\/\/madrazoassessors.com\/es\/wp-json\/wp\/v2\/users\/1"}],"replies":[{"embeddable":true,"href":"https:\/\/madrazoassessors.com\/es\/wp-json\/wp\/v2\/comments?post=988309"}],"version-history":[{"count":2,"href":"https:\/\/madrazoassessors.com\/es\/wp-json\/wp\/v2\/pages\/988309\/revisions"}],"predecessor-version":[{"id":988311,"href":"https:\/\/madrazoassessors.com\/es\/wp-json\/wp\/v2\/pages\/988309\/revisions\/988311"}],"wp:attachment":[{"href":"https:\/\/madrazoassessors.com\/es\/wp-json\/wp\/v2\/media?parent=988309"}],"curies":[{"name":"wp","href":"https:\/\/api.w.org\/{rel}","templated":true}]}}