{"id":988315,"date":"2023-03-27T13:16:16","date_gmt":"2023-03-27T11:16:16","guid":{"rendered":"https:\/\/madrazoassessors.com\/constitution-of-companies\/"},"modified":"2023-04-25T10:46:39","modified_gmt":"2023-04-25T08:46:39","slug":"constitucion-de-sociedades","status":"publish","type":"page","link":"https:\/\/madrazoassessors.com\/es\/constitucion-de-sociedades\/","title":{"rendered":"Constituci\u00f3n de Sociedades"},"content":{"rendered":"\t\t<div class=\"sep-text single centered\">\n\t\t\t\t\t\t\t<span class=\"sep-text-before\"><div class=\"sep-text-line\"><\/div><\/span>\n\t\t\t\t\t\t<div class=\"content\">\n\t\t\t\t\n<h2 style=\"text-align: center;\">Asesoramiento de su empresa<\/h2>\n\t\t\t<\/div>\n\t\t\t<span class=\"sep-text-after\"><div class=\"sep-text-line\"><\/div><\/span>\n\t\t\t\t\t<\/div>\n\t\n<div class=\"row \"><div class=\"wpv-grid grid-1-5  wpv-first-level first unextended\" style=\"padding-top:0px;padding-bottom:0px\" id=\"wpv-column-bac127fb25ff257efe5f088b612d9651\" ><div class=\"push\" style='height:30px'><\/div><\/div>\n<div class=\"wpv-grid grid-3-5  wpv-first-level unextended\" style=\"padding-top:0px;padding-bottom:0px\" id=\"wpv-column-14049447f62bb483e814445026609fc2\" ><p>Ofrecemos un asesoramiento completo en todas las fases de la vida de su empresa, desde la constituci\u00f3n de su sociedad, la gesti\u00f3n y valoraci\u00f3n de su negocio, hasta la planificaci\u00f3n de la compra &#8211; venta.<\/p>\n<p>Los resultados a los que debe hacer frente la gesti\u00f3n empresarial son cada vez m\u00e1s diversos.<\/p>\n<p>Es por este motivo que no concebimos un asesoramiento financiero fundamental sin los servicios de un asesoramiento fiscal adecuado. Para ello, los conocimientos obtenidos con nuestra exhaustiva dedicaci\u00f3n adquieren un gran valor.<\/p>\n<p>Nuestros servicios son:<\/div>\n<div class=\"wpv-grid grid-1-5  wpv-first-level unextended\" style=\"padding-top:0px;padding-bottom:0px\" id=\"wpv-column-429bc4ffd33db601971ea9e76217d217\" ><div class=\"push\" style='height:30px'><\/div><\/div><\/div>\n<div class=\"row \"><div class=\"wpv-grid grid-1-3  wpv-first-level first unextended\" style=\"padding-top:0px;padding-bottom:0px\" id=\"wpv-column-07e6fafb3dfbbe8a21e4cfafe878e76d\" ><div class=\"row \"><div class=\"wpv-grid grid-1-1  first unextended\" style=\"padding-top:0px;padding-bottom:0px\" id=\"wpv-column-b6d62b24b69e0ced35e1e2f7039a21df\" ><div class=\"services clearfix fullimage no-image has-icon no-button \" style=\"text-align:left;\">\r\n\t<div class=\"services-inside\">\r\n\t\t\t\t\t\t\t\t\t<div class=\"thumbnail\">\r\n\t\t\t\t\t\t\t\t\t\t\t\t\t\t\t\t\t\t<span class='icon shortcode   use-hover' style='font-size:62px !important;color:#CCA876;'>&#57883;<\/span>\t\t\t\t\t\t\t\t\t\t\t\t\t\t\t<\/div>\r\n\t\t\t\t\t\t\t\t\t<div class=\"sep-2\"><\/div>\r\n\t\t\t\t\t\t\t\t\t\t\t\t\t\t\t\t<div class=\"services-content\">\n<h3>Asesoramiento para la creaci\u00f3n de nuevas empresas<\/h3>\n<\/div>\r\n\t\t\t\t\t<\/div>\r\n<\/div>\r\n<\/div><\/div><\/div>\n<div class=\"wpv-grid grid-1-3  wpv-first-level unextended\" style=\"padding-top:0px;padding-bottom:0px\" id=\"wpv-column-8bab376b2ca06385b2d2ec548b30befb\" ><div class=\"row \"><div class=\"wpv-grid grid-1-1  first unextended\" style=\"padding-top:0px;padding-bottom:0px\" id=\"wpv-column-2df15c343fc7f028074567d93ee32b55\" ><div class=\"services clearfix fullimage no-image has-icon no-button \" style=\"text-align:left;\">\r\n\t<div class=\"services-inside\">\r\n\t\t\t\t\t\t\t\t\t<div class=\"thumbnail\">\r\n\t\t\t\t\t\t\t\t\t\t\t\t\t\t\t\t\t\t<span class='icon shortcode   use-hover' style='font-size:62px !important;color:#CCA876;'>&#58086;<\/span>\t\t\t\t\t\t\t\t\t\t\t\t\t\t\t<\/div>\r\n\t\t\t\t\t\t\t\t\t<div class=\"sep-2\"><\/div>\r\n\t\t\t\t\t\t\t\t\t\t\t\t\t\t\t\t<div class=\"services-content\">\n<h3>Asesoramiento financiero<\/h3>\n<\/div>\r\n\t\t\t\t\t<\/div>\r\n<\/div>\r\n<\/div><\/div><\/div>\n<div class=\"wpv-grid grid-1-3  wpv-first-level unextended\" style=\"padding-top:0px;padding-bottom:0px\" id=\"wpv-column-0c657d3f2b50a1722fda5a7d72166eae\" ><div class=\"row \"><div class=\"wpv-grid grid-1-1  first unextended\" style=\"padding-top:0px;padding-bottom:0px\" id=\"wpv-column-f1b18036b8396d4aae3fae18b54eabf2\" ><div class=\"services clearfix fullimage no-image has-icon no-button \" style=\"text-align:left;\">\r\n\t<div class=\"services-inside\">\r\n\t\t\t\t\t\t\t\t\t<div class=\"thumbnail\">\r\n\t\t\t\t\t\t\t\t\t\t\t\t\t\t\t\t\t\t<span class='icon shortcode   use-hover' style='font-size:62px !important;color:#CCA876;'>&#57485;<\/span>\t\t\t\t\t\t\t\t\t\t\t\t\t\t\t<\/div>\r\n\t\t\t\t\t\t\t\t\t<div class=\"sep-2\"><\/div>\r\n\t\t\t\t\t\t\t\t\t\t\t\t\t\t\t\t<div class=\"services-content\">\n<h3>Estudio y mejora en la gesti\u00f3n del cr\u00e9dito<\/h3>\n<\/div>\r\n\t\t\t\t\t<\/div>\r\n<\/div>\r\n<\/div><\/div><\/div><\/div>\n<div class=\"row \"><div class=\"wpv-grid grid-1-3  wpv-first-level first unextended\" style=\"padding-top:0px;padding-bottom:0px\" id=\"wpv-column-f6f7bc25e11e52a3a8b2296e975b8239\" ><div class=\"row \"><div class=\"wpv-grid grid-1-1  first unextended\" style=\"padding-top:0px;padding-bottom:0px\" id=\"wpv-column-96047a6bd207a215153a10695af99f3d\" ><div class=\"services clearfix fullimage no-image has-icon no-button \" style=\"text-align:left;\">\r\n\t<div class=\"services-inside\">\r\n\t\t\t\t\t\t\t\t\t<div class=\"thumbnail\">\r\n\t\t\t\t\t\t\t\t\t\t\t\t\t\t\t\t\t\t<span class='icon shortcode   use-hover' style='font-size:62px !important;color:#CCA876;'>&#57946;<\/span>\t\t\t\t\t\t\t\t\t\t\t\t\t\t\t<\/div>\r\n\t\t\t\t\t\t\t\t\t<div class=\"sep-2\"><\/div>\r\n\t\t\t\t\t\t\t\t\t\t\t\t\t\t\t\t<div class=\"services-content\">\n<h3>An\u00e1lisis enfocado a la mejora de resultados<\/h3>\n<\/div>\r\n\t\t\t\t\t<\/div>\r\n<\/div>\r\n<\/div><\/div><\/div>\n<div class=\"wpv-grid grid-1-3  wpv-first-level unextended\" style=\"padding-top:0px;padding-bottom:0px\" id=\"wpv-column-707e1f0ef2d27e8070940bebc9f097e1\" ><div class=\"row \"><div class=\"wpv-grid grid-1-1  first unextended\" style=\"padding-top:0px;padding-bottom:0px\" id=\"wpv-column-df9e41cefa3a70233167c8c1e1ddc4eb\" ><div class=\"services clearfix fullimage no-image has-icon no-button \" style=\"text-align:left;\">\r\n\t<div class=\"services-inside\">\r\n\t\t\t\t\t\t\t\t\t<div class=\"thumbnail\">\r\n\t\t\t\t\t\t\t\t\t\t\t\t\t\t\t\t\t\t<span class='icon shortcode   use-hover' style='font-size:62px !important;color:#CCA876;'>&#58233;<\/span>\t\t\t\t\t\t\t\t\t\t\t\t\t\t\t<\/div>\r\n\t\t\t\t\t\t\t\t\t<div class=\"sep-2\"><\/div>\r\n\t\t\t\t\t\t\t\t\t\t\t\t\t\t\t\t<div class=\"services-content\">\n<h3>Planificaci\u00f3n financiera, planificaci\u00f3n de resultados y planificaci\u00f3n de tesorer\u00eda<\/h3>\n<\/div>\r\n\t\t\t\t\t<\/div>\r\n<\/div>\r\n<\/div><\/div><\/div>\n<div class=\"wpv-grid grid-1-3  wpv-first-level unextended\" style=\"padding-top:0px;padding-bottom:0px\" id=\"wpv-column-6b8911259aff484411ba77ded0a50aa3\" ><div class=\"row \"><div class=\"wpv-grid grid-1-1  first unextended\" style=\"padding-top:0px;padding-bottom:0px\" id=\"wpv-column-d5f8d7c8e3d4b37e72fdbaa4d4bb5858\" ><div class=\"services clearfix fullimage no-image has-icon no-button \" style=\"text-align:left;\">\r\n\t<div class=\"services-inside\">\r\n\t\t\t\t\t\t\t\t\t<div class=\"thumbnail\">\r\n\t\t\t\t\t\t\t\t\t\t\t\t\t\t\t\t\t\t<span class='icon shortcode   use-hover' style='font-size:62px !important;color:#CCA876;'>&#57611;<\/span>\t\t\t\t\t\t\t\t\t\t\t\t\t\t\t<\/div>\r\n\t\t\t\t\t\t\t\t\t<div class=\"sep-2\"><\/div>\r\n\t\t\t\t\t\t\t\t\t\t\t\t\t\t\t\t<div class=\"services-content\">\n<h3>Asesoramiento en planes de negocio<\/h3>\n<\/div>\r\n\t\t\t\t\t<\/div>\r\n<\/div>\r\n<\/div><\/div><\/div><\/div>\n<div class=\"row \"><div class=\"wpv-grid grid-1-6  wpv-first-level first unextended\" style=\"padding-top:0px;padding-bottom:0px\" id=\"wpv-column-456a34fdaa9b76e90439a27d0cae6616\" ><div class=\"push\" style='height:4px'><\/div><\/div>\n<div class=\"wpv-grid grid-1-3  wpv-first-level unextended\" style=\"padding-top:0px;padding-bottom:0px\" id=\"wpv-column-ab1297289e7858ce306c3b2dc2af91ca\" ><div class=\"row \"><div class=\"wpv-grid grid-1-1  first unextended\" style=\"padding-top:0px;padding-bottom:0px\" id=\"wpv-column-7004cc4af7d0186518e779ad47305b61\" ><div class=\"services clearfix fullimage no-image has-icon no-button \" style=\"text-align:left;\">\r\n\t<div class=\"services-inside\">\r\n\t\t\t\t\t\t\t\t\t<div class=\"thumbnail\">\r\n\t\t\t\t\t\t\t\t\t\t\t\t\t\t\t\t\t\t<span class='icon shortcode   use-hover' style='font-size:62px !important;color:#CCA876;'>&#57686;<\/span>\t\t\t\t\t\t\t\t\t\t\t\t\t\t\t<\/div>\r\n\t\t\t\t\t\t\t\t\t<div class=\"sep-2\"><\/div>\r\n\t\t\t\t\t\t\t\t\t\t\t\t\t\t\t\t<div class=\"services-content\">\n<h3>Controla contables<\/h3>\n<\/div>\r\n\t\t\t\t\t<\/div>\r\n<\/div>\r\n<\/div><\/div><\/div>\n<div class=\"wpv-grid grid-1-3  wpv-first-level unextended\" style=\"padding-top:0px;padding-bottom:0px\" id=\"wpv-column-88407b3137c41f7bfabab3abc6052507\" ><div class=\"row \"><div class=\"wpv-grid grid-1-1  first unextended\" style=\"padding-top:0px;padding-bottom:0px\" id=\"wpv-column-bb63a0d677db74adb1f6a6fe3798d3d3\" ><div class=\"services clearfix fullimage no-image has-icon no-button \" style=\"text-align:left;\">\r\n\t<div class=\"services-inside\">\r\n\t\t\t\t\t\t\t\t\t<div class=\"thumbnail\">\r\n\t\t\t\t\t\t\t\t\t\t\t\t\t\t\t\t\t\t<span class='icon shortcode   use-hover' style='font-size:62px !important;color:#CCA876;'>&#57799;<\/span>\t\t\t\t\t\t\t\t\t\t\t\t\t\t\t<\/div>\r\n\t\t\t\t\t\t\t\t\t<div class=\"sep-2\"><\/div>\r\n\t\t\t\t\t\t\t\t\t\t\t\t\t\t\t\t<div class=\"services-content\">\n<h3>Legislaci\u00f3n en materia de sucesi\u00f3n<\/h3>\n<\/div>\r\n\t\t\t\t\t<\/div>\r\n<\/div>\r\n<\/div><\/div><\/div>\n<div class=\"wpv-grid grid-1-6  wpv-first-level unextended\" style=\"padding-top:0px;padding-bottom:0px\" id=\"wpv-column-6e51319dae157e5a6f69f88453804164\" ><div class=\"push\" style='height:4px'><\/div><\/div><\/div>\n","protected":false},"excerpt":{"rendered":"<p>Ofrecemos un asesoramiento completo en todas las fases de la vida de su empresa, desde la constituci\u00f3n de su sociedad, la gesti\u00f3n y valoraci\u00f3n de su negocio, hasta la planificaci\u00f3n de la compra &#8211; venta. Los resultados a los que debe hacer frente la gesti\u00f3n empresarial son cada vez m\u00e1s diversos. Es por este motivo&#8230;<\/p>\n","protected":false},"author":1,"featured_media":0,"parent":0,"menu_order":0,"comment_status":"closed","ping_status":"closed","template":"","meta":{"footnotes":""},"class_list":["post-988315","page","type-page","status-publish","hentry"],"yoast_head":"<!-- This site is optimized with the Yoast SEO plugin v20.5 - https:\/\/yoast.com\/wordpress\/plugins\/seo\/ -->\n<title>Constituci\u00f3n de Sociedades - Madrazo Assessors<\/title>\n<meta name=\"description\" content=\"Assessorament complet en totes les fases de la vida de la seva empresa, des de la constituci\u00f3 de la societat fins la planificaci\u00f3 de la compra \u2013 venda.\" \/>\n<meta name=\"robots\" content=\"index, follow, max-snippet:-1, max-image-preview:large, max-video-preview:-1\" \/>\n<link rel=\"canonical\" href=\"https:\/\/madrazoassessors.com\/es\/constitucion-de-sociedades\/\" \/>\n<meta property=\"og:locale\" content=\"es_ES\" \/>\n<meta property=\"og:type\" content=\"article\" \/>\n<meta property=\"og:title\" content=\"Constituci\u00f3n de Sociedades - Madrazo Assessors\" \/>\n<meta property=\"og:description\" content=\"Assessorament complet en totes les fases de la vida de la seva empresa, des de la constituci\u00f3 de la societat fins la planificaci\u00f3 de la compra \u2013 venda.\" \/>\n<meta property=\"og:url\" content=\"https:\/\/madrazoassessors.com\/es\/constitucion-de-sociedades\/\" \/>\n<meta property=\"og:site_name\" content=\"Madrazo Assessors\" \/>\n<meta property=\"article:modified_time\" content=\"2023-04-25T08:46:39+00:00\" \/>\n<meta name=\"twitter:card\" content=\"summary_large_image\" \/>\n<meta name=\"twitter:label1\" content=\"Tiempo de lectura\" \/>\n\t<meta name=\"twitter:data1\" content=\"4 minutos\" \/>\n<script type=\"application\/ld+json\" class=\"yoast-schema-graph\">{\"@context\":\"https:\/\/schema.org\",\"@graph\":[{\"@type\":\"WebPage\",\"@id\":\"https:\/\/madrazoassessors.com\/es\/constitucion-de-sociedades\/\",\"url\":\"https:\/\/madrazoassessors.com\/es\/constitucion-de-sociedades\/\",\"name\":\"Constituci\u00f3n de Sociedades - Madrazo Assessors\",\"isPartOf\":{\"@id\":\"https:\/\/madrazoassessors.com\/#website\"},\"datePublished\":\"2023-03-27T11:16:16+00:00\",\"dateModified\":\"2023-04-25T08:46:39+00:00\",\"description\":\"Assessorament complet en totes les fases de la vida de la seva empresa, des de la constituci\u00f3 de la societat fins la planificaci\u00f3 de la compra \u2013 venda.\",\"inLanguage\":\"es\",\"potentialAction\":[{\"@type\":\"ReadAction\",\"target\":[\"https:\/\/madrazoassessors.com\/es\/constitucion-de-sociedades\/\"]}]},{\"@type\":\"WebSite\",\"@id\":\"https:\/\/madrazoassessors.com\/#website\",\"url\":\"https:\/\/madrazoassessors.com\/\",\"name\":\"Madrazo Assessors\",\"description\":\"Assessorament i Gesti\u00f3 Empresarial\",\"publisher\":{\"@id\":\"https:\/\/madrazoassessors.com\/#organization\"},\"potentialAction\":[{\"@type\":\"SearchAction\",\"target\":{\"@type\":\"EntryPoint\",\"urlTemplate\":\"https:\/\/madrazoassessors.com\/?s={search_term_string}\"},\"query-input\":\"required name=search_term_string\"}],\"inLanguage\":\"es\"},{\"@type\":\"Organization\",\"@id\":\"https:\/\/madrazoassessors.com\/#organization\",\"name\":\"Madrazo Assessors\",\"url\":\"https:\/\/madrazoassessors.com\/\",\"logo\":{\"@type\":\"ImageObject\",\"inLanguage\":\"es\",\"@id\":\"https:\/\/madrazoassessors.com\/#\/schema\/logo\/image\/\",\"url\":\"https:\/\/madrazoassessors.com\/wp-content\/uploads\/2023\/10\/LogoMadrazoMedium.png\",\"contentUrl\":\"https:\/\/madrazoassessors.com\/wp-content\/uploads\/2023\/10\/LogoMadrazoMedium.png\",\"width\":450,\"height\":48,\"caption\":\"Madrazo Assessors\"},\"image\":{\"@id\":\"https:\/\/madrazoassessors.com\/#\/schema\/logo\/image\/\"}}]}<\/script>\n<!-- \/ Yoast SEO plugin. -->","yoast_head_json":{"title":"Constituci\u00f3n de Sociedades - Madrazo Assessors","description":"Assessorament complet en totes les fases de la vida de la seva empresa, des de la constituci\u00f3 de la societat fins la planificaci\u00f3 de la compra \u2013 venda.","robots":{"index":"index","follow":"follow","max-snippet":"max-snippet:-1","max-image-preview":"max-image-preview:large","max-video-preview":"max-video-preview:-1"},"canonical":"https:\/\/madrazoassessors.com\/es\/constitucion-de-sociedades\/","og_locale":"es_ES","og_type":"article","og_title":"Constituci\u00f3n de Sociedades - Madrazo Assessors","og_description":"Assessorament complet en totes les fases de la vida de la seva empresa, des de la constituci\u00f3 de la societat fins la planificaci\u00f3 de la compra \u2013 venda.","og_url":"https:\/\/madrazoassessors.com\/es\/constitucion-de-sociedades\/","og_site_name":"Madrazo Assessors","article_modified_time":"2023-04-25T08:46:39+00:00","twitter_card":"summary_large_image","twitter_misc":{"Tiempo de lectura":"4 minutos"},"schema":{"@context":"https:\/\/schema.org","@graph":[{"@type":"WebPage","@id":"https:\/\/madrazoassessors.com\/es\/constitucion-de-sociedades\/","url":"https:\/\/madrazoassessors.com\/es\/constitucion-de-sociedades\/","name":"Constituci\u00f3n de Sociedades - Madrazo Assessors","isPartOf":{"@id":"https:\/\/madrazoassessors.com\/#website"},"datePublished":"2023-03-27T11:16:16+00:00","dateModified":"2023-04-25T08:46:39+00:00","description":"Assessorament complet en totes les fases de la vida de la seva empresa, des de la constituci\u00f3 de la societat fins la planificaci\u00f3 de la compra \u2013 venda.","inLanguage":"es","potentialAction":[{"@type":"ReadAction","target":["https:\/\/madrazoassessors.com\/es\/constitucion-de-sociedades\/"]}]},{"@type":"WebSite","@id":"https:\/\/madrazoassessors.com\/#website","url":"https:\/\/madrazoassessors.com\/","name":"Madrazo Assessors","description":"Assessorament i Gesti\u00f3 Empresarial","publisher":{"@id":"https:\/\/madrazoassessors.com\/#organization"},"potentialAction":[{"@type":"SearchAction","target":{"@type":"EntryPoint","urlTemplate":"https:\/\/madrazoassessors.com\/?s={search_term_string}"},"query-input":"required name=search_term_string"}],"inLanguage":"es"},{"@type":"Organization","@id":"https:\/\/madrazoassessors.com\/#organization","name":"Madrazo Assessors","url":"https:\/\/madrazoassessors.com\/","logo":{"@type":"ImageObject","inLanguage":"es","@id":"https:\/\/madrazoassessors.com\/#\/schema\/logo\/image\/","url":"https:\/\/madrazoassessors.com\/wp-content\/uploads\/2023\/10\/LogoMadrazoMedium.png","contentUrl":"https:\/\/madrazoassessors.com\/wp-content\/uploads\/2023\/10\/LogoMadrazoMedium.png","width":450,"height":48,"caption":"Madrazo Assessors"},"image":{"@id":"https:\/\/madrazoassessors.com\/#\/schema\/logo\/image\/"}}]}},"_links":{"self":[{"href":"https:\/\/madrazoassessors.com\/es\/wp-json\/wp\/v2\/pages\/988315","targetHints":{"allow":["GET"]}}],"collection":[{"href":"https:\/\/madrazoassessors.com\/es\/wp-json\/wp\/v2\/pages"}],"about":[{"href":"https:\/\/madrazoassessors.com\/es\/wp-json\/wp\/v2\/types\/page"}],"author":[{"embeddable":true,"href":"https:\/\/madrazoassessors.com\/es\/wp-json\/wp\/v2\/users\/1"}],"replies":[{"embeddable":true,"href":"https:\/\/madrazoassessors.com\/es\/wp-json\/wp\/v2\/comments?post=988315"}],"version-history":[{"count":2,"href":"https:\/\/madrazoassessors.com\/es\/wp-json\/wp\/v2\/pages\/988315\/revisions"}],"predecessor-version":[{"id":988317,"href":"https:\/\/madrazoassessors.com\/es\/wp-json\/wp\/v2\/pages\/988315\/revisions\/988317"}],"wp:attachment":[{"href":"https:\/\/madrazoassessors.com\/es\/wp-json\/wp\/v2\/media?parent=988315"}],"curies":[{"name":"wp","href":"https:\/\/api.w.org\/{rel}","templated":true}]}}