{"id":988333,"date":"2023-04-21T11:30:15","date_gmt":"2023-04-21T09:30:15","guid":{"rendered":"https:\/\/madrazoassessors.com\/comptabilitat\/"},"modified":"2023-04-25T12:39:31","modified_gmt":"2023-04-25T10:39:31","slug":"contabilidad","status":"publish","type":"page","link":"https:\/\/madrazoassessors.com\/es\/contabilidad\/","title":{"rendered":"Contabilidad"},"content":{"rendered":"\t\t<div class=\"sep-text single centered\">\n\t\t\t\t\t\t\t<span class=\"sep-text-before\"><div class=\"sep-text-line\"><\/div><\/span>\n\t\t\t\t\t\t<div class=\"content\">\n\t\t\t\t\n<h2 style=\"text-align: center;\">Servicios fundamentales para el control\noperativo y financiero de la empresa<\/h2>\n\t\t\t<\/div>\n\t\t\t<span class=\"sep-text-after\"><div class=\"sep-text-line\"><\/div><\/span>\n\t\t\t\t\t<\/div>\n\t\n<div class=\"row \"><div class=\"wpv-grid grid-1-5  wpv-first-level first unextended\" style=\"padding-top:0px;padding-bottom:0px\" id=\"wpv-column-9226b919b406e87f6b119b5724127d4c\" ><div class=\"push\" style='height:4px'><\/div><\/div>\n<div class=\"wpv-grid grid-3-5  wpv-first-level unextended\" style=\"padding-top:0px;padding-bottom:0px\" id=\"wpv-column-1f759b1e0bb1636ea87920cda584302d\" ><p>La <strong>contabilidad<\/strong> constituye un elemento fundamental para el <strong>control operativo y financiero de la empresa<\/strong>. Por este motivo, aparte de confeccionar la contabilidad completa para dar cumplimiento a los <strong>libros contables obligatorios por ley<\/strong>, tambi\u00e9n ponemos a disposici\u00f3n de los clientes nuestros conocimientos especializados y le asesoramos en la <strong>anotaci\u00f3n continua de todas las transacciones y en la realizaci\u00f3n de evaluaciones<\/strong>.<\/p>\n<p>De esta forma, el cliente obtiene una base extraordinariamente \u00fatil para conducir los procesos de decisi\u00f3n de su empresa.<\/div>\n<div class=\"wpv-grid grid-1-5  wpv-first-level unextended\" style=\"padding-top:0px;padding-bottom:0px\" id=\"wpv-column-b57d3bd0ded8d7f1c5acf509777f3ab4\" ><div class=\"push\" style='height:4px'><\/div><\/div><\/div>\n<div class=\"row \"><div class=\"wpv-grid grid-1-3  wpv-first-level first unextended\" style=\"padding-top:0px;padding-bottom:0px\" id=\"wpv-column-1c5701df36bf3a0cbf0b114049f13d30\" ><div class=\"row \"><div class=\"wpv-grid grid-1-1  first unextended\" style=\"padding-top:0px;padding-bottom:0px\" id=\"wpv-column-4a83f46161cc145fc37736d145056cd2\" ><div class=\"services clearfix fullimage no-image has-icon no-button \" style=\"text-align:left;\">\r\n\t<div class=\"services-inside\">\r\n\t\t\t\t\t\t\t\t\t<div class=\"thumbnail\">\r\n\t\t\t\t\t\t\t\t\t\t\t\t\t\t\t\t\t\t<span class='icon shortcode   use-hover' style='font-size:62px !important;color:#CCA876;'>&#57611;<\/span>\t\t\t\t\t\t\t\t\t\t\t\t\t\t\t<\/div>\r\n\t\t\t\t\t\t\t\t\t<div class=\"sep-2\"><\/div>\r\n\t\t\t\t\t\t\t\t\t\t\t\t\t\t\t\t<div class=\"services-content\">\n<h3>Contabilidad completa para aut\u00f3nomos y empresas<\/h3>\n<\/div>\r\n\t\t\t\t\t<\/div>\r\n<\/div>\r\n<\/div><\/div><\/div>\n<div class=\"wpv-grid grid-1-3  wpv-first-level unextended\" style=\"padding-top:0px;padding-bottom:0px\" id=\"wpv-column-27605371b5acf76b360f034393b2904c\" ><div class=\"row \"><div class=\"wpv-grid grid-1-1  first unextended\" style=\"padding-top:0px;padding-bottom:0px\" id=\"wpv-column-32758bda02a5e753e51715345b8daf7e\" ><div class=\"services clearfix fullimage no-image has-icon no-button \" style=\"text-align:left;\">\r\n\t<div class=\"services-inside\">\r\n\t\t\t\t\t\t\t\t\t<div class=\"thumbnail\">\r\n\t\t\t\t\t\t\t\t\t\t\t\t\t\t\t\t\t\t<span class='icon shortcode   use-hover' style='font-size:62px !important;color:#CCA876;'>&#57485;<\/span>\t\t\t\t\t\t\t\t\t\t\t\t\t\t\t<\/div>\r\n\t\t\t\t\t\t\t\t\t<div class=\"sep-2\"><\/div>\r\n\t\t\t\t\t\t\t\t\t\t\t\t\t\t\t\t<div class=\"services-content\">\n<h3>Elaboraci\u00f3n y control continuo de la contabilidad y confecci\u00f3n de estados financieros<\/h3>\n<\/div>\r\n\t\t\t\t\t<\/div>\r\n<\/div>\r\n<\/div><\/div><\/div>\n<div class=\"wpv-grid grid-1-3  wpv-first-level unextended\" style=\"padding-top:0px;padding-bottom:0px\" id=\"wpv-column-624f0c3ed6cb97b4b810371de9aa10e8\" ><div class=\"row \"><div class=\"wpv-grid grid-1-1  first unextended\" style=\"padding-top:0px;padding-bottom:0px\" id=\"wpv-column-597e320239c95d624125dfcab1f773fd\" ><div class=\"services clearfix fullimage no-image has-icon no-button \" style=\"text-align:left;\">\r\n\t<div class=\"services-inside\">\r\n\t\t\t\t\t\t\t\t\t<div class=\"thumbnail\">\r\n\t\t\t\t\t\t\t\t\t\t\t\t\t\t\t\t\t\t<span class='icon shortcode   use-hover' style='font-size:62px !important;color:#CCA876;'>&#57695;<\/span>\t\t\t\t\t\t\t\t\t\t\t\t\t\t\t<\/div>\r\n\t\t\t\t\t\t\t\t\t<div class=\"sep-2\"><\/div>\r\n\t\t\t\t\t\t\t\t\t\t\t\t\t\t\t\t<div class=\"services-content\">\n<h3>Contabilidad de costes<\/h3>\n<\/div>\r\n\t\t\t\t\t<\/div>\r\n<\/div>\r\n<\/div><\/div><\/div><\/div>\n<div class=\"row \"><div class=\"wpv-grid grid-1-6  wpv-first-level first unextended\" style=\"padding-top:0px;padding-bottom:0px\" id=\"wpv-column-b8e691f118199538bf3ebab0df80437c\" ><div class=\"push\" style='height:4px'><\/div><\/div>\n<div class=\"wpv-grid grid-1-3  wpv-first-level unextended\" style=\"padding-top:0px;padding-bottom:0px\" id=\"wpv-column-8aaaeec7e804b43a41ee2973cb6955bd\" ><div class=\"row \"><div class=\"wpv-grid grid-1-1  first unextended\" style=\"padding-top:0px;padding-bottom:0px\" id=\"wpv-column-171a4053dc8b4fc471178ef9db9299c6\" ><div class=\"services clearfix fullimage no-image has-icon no-button \" style=\"text-align:left;\">\r\n\t<div class=\"services-inside\">\r\n\t\t\t\t\t\t\t\t\t<div class=\"thumbnail\">\r\n\t\t\t\t\t\t\t\t\t\t\t\t\t\t\t\t\t\t<span class='icon shortcode   use-hover' style='font-size:62px !important;color:#CCA876;'>&#57735;<\/span>\t\t\t\t\t\t\t\t\t\t\t\t\t\t\t<\/div>\r\n\t\t\t\t\t\t\t\t\t<div class=\"sep-2\"><\/div>\r\n\t\t\t\t\t\t\t\t\t\t\t\t\t\t\t\t<div class=\"services-content\">\n<h3>Cierres anuales, balances y cuentas de explotaci\u00f3n<\/h3>\n<\/div>\r\n\t\t\t\t\t<\/div>\r\n<\/div>\r\n<\/div><\/div><\/div>\n<div class=\"wpv-grid grid-1-3  wpv-first-level unextended\" style=\"padding-top:0px;padding-bottom:0px\" id=\"wpv-column-d7c725a272151376e44a7b9de11c534b\" ><div class=\"row \"><div class=\"wpv-grid grid-1-1  first unextended\" style=\"padding-top:0px;padding-bottom:0px\" id=\"wpv-column-09655105920b5f14606247cb6122cda9\" ><div class=\"services clearfix fullimage no-image has-icon no-button \" style=\"text-align:left;\">\r\n\t<div class=\"services-inside\">\r\n\t\t\t\t\t\t\t\t\t<div class=\"thumbnail\">\r\n\t\t\t\t\t\t\t\t\t\t\t\t\t\t\t\t\t\t<span class='icon shortcode   use-hover' style='font-size:62px !important;color:#CCA876;'>&#57424;<\/span>\t\t\t\t\t\t\t\t\t\t\t\t\t\t\t<\/div>\r\n\t\t\t\t\t\t\t\t\t<div class=\"sep-2\"><\/div>\r\n\t\t\t\t\t\t\t\t\t\t\t\t\t\t\t\t<div class=\"services-content\">\n<h3>Presentaci\u00f3n de los Libros contables y de las Cuentas Anuales<\/h3>\n<\/div>\r\n\t\t\t\t\t<\/div>\r\n<\/div>\r\n<\/div><\/div><\/div>\n<div class=\"wpv-grid grid-1-6  wpv-first-level unextended\" style=\"padding-top:0px;padding-bottom:0px\" id=\"wpv-column-8f5892aef6d5d137f978de19aa1450f3\" ><div class=\"push\" style='height:4px'><\/div><\/div><\/div>\n<div class=\"push\" style='height:120px'><\/div>\n","protected":false},"excerpt":{"rendered":"<p>La contabilidad constituye un elemento fundamental para el control operativo y financiero de la empresa. Por este motivo, aparte de confeccionar la contabilidad completa para dar cumplimiento a los libros contables obligatorios por ley, tambi\u00e9n ponemos a disposici\u00f3n de los clientes nuestros conocimientos especializados y le asesoramos en la anotaci\u00f3n continua de todas las transacciones&#8230;<\/p>\n","protected":false},"author":1,"featured_media":0,"parent":0,"menu_order":0,"comment_status":"closed","ping_status":"closed","template":"","meta":{"footnotes":""},"class_list":["post-988333","page","type-page","status-publish","hentry"],"yoast_head":"<!-- This site is optimized with the Yoast SEO plugin v20.5 - https:\/\/yoast.com\/wordpress\/plugins\/seo\/ -->\n<title>Contabilidad - Madrazo Assessors<\/title>\n<meta name=\"description\" content=\"A part de confeccionar la comptabilitat completa, posem a la disposici\u00f3 dels clients els nostres coneixements especialitzats i l\u2019assessorem.\" \/>\n<meta name=\"robots\" content=\"index, follow, max-snippet:-1, max-image-preview:large, max-video-preview:-1\" \/>\n<link rel=\"canonical\" href=\"https:\/\/madrazoassessors.com\/es\/contabilidad\/\" \/>\n<meta property=\"og:locale\" content=\"es_ES\" \/>\n<meta property=\"og:type\" content=\"article\" \/>\n<meta property=\"og:title\" content=\"Contabilidad - Madrazo Assessors\" \/>\n<meta property=\"og:description\" content=\"A part de confeccionar la comptabilitat completa, posem a la disposici\u00f3 dels clients els nostres coneixements especialitzats i l\u2019assessorem.\" \/>\n<meta property=\"og:url\" content=\"https:\/\/madrazoassessors.com\/es\/contabilidad\/\" \/>\n<meta property=\"og:site_name\" content=\"Madrazo Assessors\" \/>\n<meta property=\"article:modified_time\" content=\"2023-04-25T10:39:31+00:00\" \/>\n<meta name=\"twitter:card\" content=\"summary_large_image\" \/>\n<meta name=\"twitter:label1\" content=\"Tiempo de lectura\" \/>\n\t<meta name=\"twitter:data1\" content=\"3 minutos\" \/>\n<script type=\"application\/ld+json\" class=\"yoast-schema-graph\">{\"@context\":\"https:\/\/schema.org\",\"@graph\":[{\"@type\":\"WebPage\",\"@id\":\"https:\/\/madrazoassessors.com\/es\/contabilidad\/\",\"url\":\"https:\/\/madrazoassessors.com\/es\/contabilidad\/\",\"name\":\"Contabilidad - Madrazo Assessors\",\"isPartOf\":{\"@id\":\"https:\/\/madrazoassessors.com\/#website\"},\"datePublished\":\"2023-04-21T09:30:15+00:00\",\"dateModified\":\"2023-04-25T10:39:31+00:00\",\"description\":\"A part de confeccionar la comptabilitat completa, posem a la disposici\u00f3 dels clients els nostres coneixements especialitzats i l\u2019assessorem.\",\"inLanguage\":\"es\",\"potentialAction\":[{\"@type\":\"ReadAction\",\"target\":[\"https:\/\/madrazoassessors.com\/es\/contabilidad\/\"]}]},{\"@type\":\"WebSite\",\"@id\":\"https:\/\/madrazoassessors.com\/#website\",\"url\":\"https:\/\/madrazoassessors.com\/\",\"name\":\"Madrazo Assessors\",\"description\":\"Assessorament i Gesti\u00f3 Empresarial\",\"publisher\":{\"@id\":\"https:\/\/madrazoassessors.com\/#organization\"},\"potentialAction\":[{\"@type\":\"SearchAction\",\"target\":{\"@type\":\"EntryPoint\",\"urlTemplate\":\"https:\/\/madrazoassessors.com\/?s={search_term_string}\"},\"query-input\":\"required name=search_term_string\"}],\"inLanguage\":\"es\"},{\"@type\":\"Organization\",\"@id\":\"https:\/\/madrazoassessors.com\/#organization\",\"name\":\"Madrazo Assessors\",\"url\":\"https:\/\/madrazoassessors.com\/\",\"logo\":{\"@type\":\"ImageObject\",\"inLanguage\":\"es\",\"@id\":\"https:\/\/madrazoassessors.com\/#\/schema\/logo\/image\/\",\"url\":\"https:\/\/madrazoassessors.com\/wp-content\/uploads\/2023\/10\/LogoMadrazoMedium.png\",\"contentUrl\":\"https:\/\/madrazoassessors.com\/wp-content\/uploads\/2023\/10\/LogoMadrazoMedium.png\",\"width\":450,\"height\":48,\"caption\":\"Madrazo Assessors\"},\"image\":{\"@id\":\"https:\/\/madrazoassessors.com\/#\/schema\/logo\/image\/\"}}]}<\/script>\n<!-- \/ Yoast SEO plugin. -->","yoast_head_json":{"title":"Contabilidad - Madrazo Assessors","description":"A part de confeccionar la comptabilitat completa, posem a la disposici\u00f3 dels clients els nostres coneixements especialitzats i l\u2019assessorem.","robots":{"index":"index","follow":"follow","max-snippet":"max-snippet:-1","max-image-preview":"max-image-preview:large","max-video-preview":"max-video-preview:-1"},"canonical":"https:\/\/madrazoassessors.com\/es\/contabilidad\/","og_locale":"es_ES","og_type":"article","og_title":"Contabilidad - Madrazo Assessors","og_description":"A part de confeccionar la comptabilitat completa, posem a la disposici\u00f3 dels clients els nostres coneixements especialitzats i l\u2019assessorem.","og_url":"https:\/\/madrazoassessors.com\/es\/contabilidad\/","og_site_name":"Madrazo Assessors","article_modified_time":"2023-04-25T10:39:31+00:00","twitter_card":"summary_large_image","twitter_misc":{"Tiempo de lectura":"3 minutos"},"schema":{"@context":"https:\/\/schema.org","@graph":[{"@type":"WebPage","@id":"https:\/\/madrazoassessors.com\/es\/contabilidad\/","url":"https:\/\/madrazoassessors.com\/es\/contabilidad\/","name":"Contabilidad - Madrazo Assessors","isPartOf":{"@id":"https:\/\/madrazoassessors.com\/#website"},"datePublished":"2023-04-21T09:30:15+00:00","dateModified":"2023-04-25T10:39:31+00:00","description":"A part de confeccionar la comptabilitat completa, posem a la disposici\u00f3 dels clients els nostres coneixements especialitzats i l\u2019assessorem.","inLanguage":"es","potentialAction":[{"@type":"ReadAction","target":["https:\/\/madrazoassessors.com\/es\/contabilidad\/"]}]},{"@type":"WebSite","@id":"https:\/\/madrazoassessors.com\/#website","url":"https:\/\/madrazoassessors.com\/","name":"Madrazo Assessors","description":"Assessorament i Gesti\u00f3 Empresarial","publisher":{"@id":"https:\/\/madrazoassessors.com\/#organization"},"potentialAction":[{"@type":"SearchAction","target":{"@type":"EntryPoint","urlTemplate":"https:\/\/madrazoassessors.com\/?s={search_term_string}"},"query-input":"required name=search_term_string"}],"inLanguage":"es"},{"@type":"Organization","@id":"https:\/\/madrazoassessors.com\/#organization","name":"Madrazo Assessors","url":"https:\/\/madrazoassessors.com\/","logo":{"@type":"ImageObject","inLanguage":"es","@id":"https:\/\/madrazoassessors.com\/#\/schema\/logo\/image\/","url":"https:\/\/madrazoassessors.com\/wp-content\/uploads\/2023\/10\/LogoMadrazoMedium.png","contentUrl":"https:\/\/madrazoassessors.com\/wp-content\/uploads\/2023\/10\/LogoMadrazoMedium.png","width":450,"height":48,"caption":"Madrazo Assessors"},"image":{"@id":"https:\/\/madrazoassessors.com\/#\/schema\/logo\/image\/"}}]}},"_links":{"self":[{"href":"https:\/\/madrazoassessors.com\/es\/wp-json\/wp\/v2\/pages\/988333","targetHints":{"allow":["GET"]}}],"collection":[{"href":"https:\/\/madrazoassessors.com\/es\/wp-json\/wp\/v2\/pages"}],"about":[{"href":"https:\/\/madrazoassessors.com\/es\/wp-json\/wp\/v2\/types\/page"}],"author":[{"embeddable":true,"href":"https:\/\/madrazoassessors.com\/es\/wp-json\/wp\/v2\/users\/1"}],"replies":[{"embeddable":true,"href":"https:\/\/madrazoassessors.com\/es\/wp-json\/wp\/v2\/comments?post=988333"}],"version-history":[{"count":2,"href":"https:\/\/madrazoassessors.com\/es\/wp-json\/wp\/v2\/pages\/988333\/revisions"}],"predecessor-version":[{"id":988337,"href":"https:\/\/madrazoassessors.com\/es\/wp-json\/wp\/v2\/pages\/988333\/revisions\/988337"}],"wp:attachment":[{"href":"https:\/\/madrazoassessors.com\/es\/wp-json\/wp\/v2\/media?parent=988333"}],"curies":[{"name":"wp","href":"https:\/\/api.w.org\/{rel}","templated":true}]}}