{"id":988397,"date":"2023-09-13T11:47:45","date_gmt":"2023-09-13T09:47:45","guid":{"rendered":"https:\/\/madrazoassessors.com\/?page_id=988397"},"modified":"2023-10-02T11:26:28","modified_gmt":"2023-10-02T09:26:28","slug":"politica-de-cookies","status":"publish","type":"page","link":"https:\/\/madrazoassessors.com\/es\/politica-de-cookies\/","title":{"rendered":"Pol\u00edtica de Cookies"},"content":{"rendered":"<div class=\"row \"><div class=\"wpv-grid grid-1-1  wpv-first-level first unextended\" style=\"padding-top:0px;padding-bottom:0px\" id=\"wpv-column-b57811b396e7bb011290c841436c2f55\" ><h2>Uso de cookies<\/h2>\n<p>En este sitio web utilizamos cookies de terceros para mejorar nuestros servicios mediante el an\u00e1lisis de la navegaci\u00f3n del Usuario. Si contin\u00faa navegando, consideramos que acepta su uso.<\/p>\n<p>A los efectos de esta Pol\u00edtica de privacidad y cookies, \u201ccontinuar navegando\u201d significa hacer clic en cualquier bot\u00f3n, casilla de verificaci\u00f3n o enlace del Sitio Web, descargar cualquier contenido del mismo o hacer scroll.<\/p>\n<h3>\u00bfQu\u00e9 es una cookie?<\/h3>\n<p>Una cookie es un fichero que se descarga en el ordenador cuando accede a determinados sitios web, como por ejemplo \u00e9ste. Las cookies permiten a dichos sitios web, entre otras cosas, almacenar y recuperar informaci\u00f3n sobre los h\u00e1bitos de navegaci\u00f3n o los de su equipo y, dependiendo de la informaci\u00f3n que contengan y de la forma en que utilice su equipo, pueden utilizarse para reconocer al usuario.<\/p>\n<p><script id=\"CookieDeclaration\" src=\"https:\/\/consent.cookiebot.com\/e0f4922c-1708-4a98-baa5-c3fe66dc1110\/cd.js\" type=\"text\/javascript\" async><\/script><\/p>\n<p>PROGRAMA KIT DIGITAL COFINANCIADO POR LOS FONDOS NEXT GENERATOR (EU) DEL MECANISMO DE RECUPERACI\u00d3N Y RESILENCIA.<\/div><\/div>\n<div class=\"row \"><div class=\"wpv-grid grid-1-1  wpv-first-level first unextended\" style=\"padding-top:0px;padding-bottom:0px\" id=\"wpv-column-20f24d76de84fded7ab1ad2acf851172\" ><p><img loading=\"lazy\" decoding=\"async\" class=\"alignnone wp-image-988471\" src=\"https:\/\/madrazoassessors.com\/wp-content\/uploads\/2023\/10\/Logo-digitalizadores-300x21.png\" alt=\"\" width=\"1000\" height=\"70\" srcset=\"https:\/\/madrazoassessors.com\/wp-content\/uploads\/2023\/10\/Logo-digitalizadores-300x21.png 300w, https:\/\/madrazoassessors.com\/wp-content\/uploads\/2023\/10\/Logo-digitalizadores-768x53.png 768w, https:\/\/madrazoassessors.com\/wp-content\/uploads\/2023\/10\/Logo-digitalizadores-555x38.png 555w, https:\/\/madrazoassessors.com\/wp-content\/uploads\/2023\/10\/Logo-digitalizadores-360x25.png 360w, https:\/\/madrazoassessors.com\/wp-content\/uploads\/2023\/10\/Logo-digitalizadores-262x18.png 262w, https:\/\/madrazoassessors.com\/wp-content\/uploads\/2023\/10\/Logo-digitalizadores.png 1024w\" sizes=\"auto, (max-width: 1000px) 100vw, 1000px\" \/><\/div><\/div>\n","protected":false},"excerpt":{"rendered":"<p>Uso de cookies En este sitio web utilizamos cookies de terceros para mejorar nuestros servicios mediante el an\u00e1lisis de la navegaci\u00f3n del Usuario. Si contin\u00faa navegando, consideramos que acepta su uso. A los efectos de esta Pol\u00edtica de privacidad y cookies, \u201ccontinuar navegando\u201d significa hacer clic en cualquier bot\u00f3n, casilla de verificaci\u00f3n o enlace del&#8230;<\/p>\n","protected":false},"author":1,"featured_media":0,"parent":0,"menu_order":0,"comment_status":"closed","ping_status":"closed","template":"","meta":{"footnotes":""},"class_list":["post-988397","page","type-page","status-publish","hentry"],"yoast_head":"<!-- This site is optimized with the Yoast SEO plugin v20.5 - https:\/\/yoast.com\/wordpress\/plugins\/seo\/ -->\n<title>Pol\u00edtica de Cookies - Madrazo Assessors<\/title>\n<meta name=\"robots\" content=\"index, follow, max-snippet:-1, max-image-preview:large, max-video-preview:-1\" \/>\n<link rel=\"canonical\" href=\"https:\/\/madrazoassessors.com\/es\/politica-de-cookies\/\" \/>\n<meta property=\"og:locale\" content=\"es_ES\" \/>\n<meta property=\"og:type\" content=\"article\" \/>\n<meta property=\"og:title\" content=\"Pol\u00edtica de Cookies - Madrazo Assessors\" \/>\n<meta property=\"og:description\" content=\"Uso de cookies En este sitio web utilizamos cookies de terceros para mejorar nuestros servicios mediante el an\u00e1lisis de la navegaci\u00f3n del Usuario. Si contin\u00faa navegando, consideramos que acepta su uso. A los efectos de esta Pol\u00edtica de privacidad y cookies, \u201ccontinuar navegando\u201d significa hacer clic en cualquier bot\u00f3n, casilla de verificaci\u00f3n o enlace del...\" \/>\n<meta property=\"og:url\" content=\"https:\/\/madrazoassessors.com\/es\/politica-de-cookies\/\" \/>\n<meta property=\"og:site_name\" content=\"Madrazo Assessors\" \/>\n<meta property=\"article:modified_time\" content=\"2023-10-02T09:26:28+00:00\" \/>\n<meta property=\"og:image\" content=\"https:\/\/madrazoassessors.com\/wp-content\/uploads\/2023\/10\/Logo-digitalizadores-300x21.png\" \/>\n<meta name=\"twitter:card\" content=\"summary_large_image\" \/>\n<meta name=\"twitter:label1\" content=\"Tiempo de lectura\" \/>\n\t<meta name=\"twitter:data1\" content=\"2 minutos\" \/>\n<script type=\"application\/ld+json\" class=\"yoast-schema-graph\">{\"@context\":\"https:\/\/schema.org\",\"@graph\":[{\"@type\":\"WebPage\",\"@id\":\"https:\/\/madrazoassessors.com\/es\/politica-de-cookies\/\",\"url\":\"https:\/\/madrazoassessors.com\/es\/politica-de-cookies\/\",\"name\":\"Pol\u00edtica de Cookies - Madrazo Assessors\",\"isPartOf\":{\"@id\":\"https:\/\/madrazoassessors.com\/#website\"},\"datePublished\":\"2023-09-13T09:47:45+00:00\",\"dateModified\":\"2023-10-02T09:26:28+00:00\",\"inLanguage\":\"es\",\"potentialAction\":[{\"@type\":\"ReadAction\",\"target\":[\"https:\/\/madrazoassessors.com\/es\/politica-de-cookies\/\"]}]},{\"@type\":\"WebSite\",\"@id\":\"https:\/\/madrazoassessors.com\/#website\",\"url\":\"https:\/\/madrazoassessors.com\/\",\"name\":\"Madrazo Assessors\",\"description\":\"Assessorament i Gesti\u00f3 Empresarial\",\"publisher\":{\"@id\":\"https:\/\/madrazoassessors.com\/#organization\"},\"potentialAction\":[{\"@type\":\"SearchAction\",\"target\":{\"@type\":\"EntryPoint\",\"urlTemplate\":\"https:\/\/madrazoassessors.com\/?s={search_term_string}\"},\"query-input\":\"required name=search_term_string\"}],\"inLanguage\":\"es\"},{\"@type\":\"Organization\",\"@id\":\"https:\/\/madrazoassessors.com\/#organization\",\"name\":\"Madrazo Assessors\",\"url\":\"https:\/\/madrazoassessors.com\/\",\"logo\":{\"@type\":\"ImageObject\",\"inLanguage\":\"es\",\"@id\":\"https:\/\/madrazoassessors.com\/#\/schema\/logo\/image\/\",\"url\":\"https:\/\/madrazoassessors.com\/wp-content\/uploads\/2023\/10\/LogoMadrazoMedium.png\",\"contentUrl\":\"https:\/\/madrazoassessors.com\/wp-content\/uploads\/2023\/10\/LogoMadrazoMedium.png\",\"width\":450,\"height\":48,\"caption\":\"Madrazo Assessors\"},\"image\":{\"@id\":\"https:\/\/madrazoassessors.com\/#\/schema\/logo\/image\/\"}}]}<\/script>\n<!-- \/ Yoast SEO plugin. -->","yoast_head_json":{"title":"Pol\u00edtica de Cookies - Madrazo Assessors","robots":{"index":"index","follow":"follow","max-snippet":"max-snippet:-1","max-image-preview":"max-image-preview:large","max-video-preview":"max-video-preview:-1"},"canonical":"https:\/\/madrazoassessors.com\/es\/politica-de-cookies\/","og_locale":"es_ES","og_type":"article","og_title":"Pol\u00edtica de Cookies - Madrazo Assessors","og_description":"Uso de cookies En este sitio web utilizamos cookies de terceros para mejorar nuestros servicios mediante el an\u00e1lisis de la navegaci\u00f3n del Usuario. Si contin\u00faa navegando, consideramos que acepta su uso. A los efectos de esta Pol\u00edtica de privacidad y cookies, \u201ccontinuar navegando\u201d significa hacer clic en cualquier bot\u00f3n, casilla de verificaci\u00f3n o enlace del...","og_url":"https:\/\/madrazoassessors.com\/es\/politica-de-cookies\/","og_site_name":"Madrazo Assessors","article_modified_time":"2023-10-02T09:26:28+00:00","og_image":[{"url":"https:\/\/madrazoassessors.com\/wp-content\/uploads\/2023\/10\/Logo-digitalizadores-300x21.png"}],"twitter_card":"summary_large_image","twitter_misc":{"Tiempo de lectura":"2 minutos"},"schema":{"@context":"https:\/\/schema.org","@graph":[{"@type":"WebPage","@id":"https:\/\/madrazoassessors.com\/es\/politica-de-cookies\/","url":"https:\/\/madrazoassessors.com\/es\/politica-de-cookies\/","name":"Pol\u00edtica de Cookies - Madrazo Assessors","isPartOf":{"@id":"https:\/\/madrazoassessors.com\/#website"},"datePublished":"2023-09-13T09:47:45+00:00","dateModified":"2023-10-02T09:26:28+00:00","inLanguage":"es","potentialAction":[{"@type":"ReadAction","target":["https:\/\/madrazoassessors.com\/es\/politica-de-cookies\/"]}]},{"@type":"WebSite","@id":"https:\/\/madrazoassessors.com\/#website","url":"https:\/\/madrazoassessors.com\/","name":"Madrazo Assessors","description":"Assessorament i Gesti\u00f3 Empresarial","publisher":{"@id":"https:\/\/madrazoassessors.com\/#organization"},"potentialAction":[{"@type":"SearchAction","target":{"@type":"EntryPoint","urlTemplate":"https:\/\/madrazoassessors.com\/?s={search_term_string}"},"query-input":"required name=search_term_string"}],"inLanguage":"es"},{"@type":"Organization","@id":"https:\/\/madrazoassessors.com\/#organization","name":"Madrazo Assessors","url":"https:\/\/madrazoassessors.com\/","logo":{"@type":"ImageObject","inLanguage":"es","@id":"https:\/\/madrazoassessors.com\/#\/schema\/logo\/image\/","url":"https:\/\/madrazoassessors.com\/wp-content\/uploads\/2023\/10\/LogoMadrazoMedium.png","contentUrl":"https:\/\/madrazoassessors.com\/wp-content\/uploads\/2023\/10\/LogoMadrazoMedium.png","width":450,"height":48,"caption":"Madrazo Assessors"},"image":{"@id":"https:\/\/madrazoassessors.com\/#\/schema\/logo\/image\/"}}]}},"_links":{"self":[{"href":"https:\/\/madrazoassessors.com\/es\/wp-json\/wp\/v2\/pages\/988397","targetHints":{"allow":["GET"]}}],"collection":[{"href":"https:\/\/madrazoassessors.com\/es\/wp-json\/wp\/v2\/pages"}],"about":[{"href":"https:\/\/madrazoassessors.com\/es\/wp-json\/wp\/v2\/types\/page"}],"author":[{"embeddable":true,"href":"https:\/\/madrazoassessors.com\/es\/wp-json\/wp\/v2\/users\/1"}],"replies":[{"embeddable":true,"href":"https:\/\/madrazoassessors.com\/es\/wp-json\/wp\/v2\/comments?post=988397"}],"version-history":[{"count":9,"href":"https:\/\/madrazoassessors.com\/es\/wp-json\/wp\/v2\/pages\/988397\/revisions"}],"predecessor-version":[{"id":988480,"href":"https:\/\/madrazoassessors.com\/es\/wp-json\/wp\/v2\/pages\/988397\/revisions\/988480"}],"wp:attachment":[{"href":"https:\/\/madrazoassessors.com\/es\/wp-json\/wp\/v2\/media?parent=988397"}],"curies":[{"name":"wp","href":"https:\/\/api.w.org\/{rel}","templated":true}]}}